{"id":8000,"date":"2023-05-30T15:57:10","date_gmt":"2023-05-30T13:57:10","guid":{"rendered":"https:\/\/www.camping-les-bois-flottes.fr\/nos-partenaires\/"},"modified":"2023-11-14T10:07:36","modified_gmt":"2023-11-14T09:07:36","slug":"unsere-partner","status":"publish","type":"page","link":"https:\/\/www.camping-les-bois-flottes.fr\/de\/unsere-partner\/","title":{"rendered":"Unsere Partner"},"content":{"rendered":"\n<div class=\"wp-block-group alignfull p-40 is-layout-constrained wp-block-group-is-layout-constrained\">\n<div class=\"wp-block-cover alignfull\" style=\"margin-top:0px;margin-bottom:0px;min-height:70vh;aspect-ratio:unset;\"><span aria-hidden=\"true\" class=\"wp-block-cover__background has-background-dim wp-block-cover__gradient-background has-background-gradient\" style=\"background:linear-gradient(180deg,rgba(0,0,0,0.74) 0%,rgba(0,0,0,0.02) 24%)\"><\/span><img decoding=\"async\" width=\"1920\" height=\"1000\" class=\"wp-block-cover__image-background wp-image-7477 lazyload\" alt=\"\" data-src=\"https:\/\/www.camping-les-bois-flottes.fr\/wp-content\/uploads\/top-partenaires.jpg\" style=\"--smush-placeholder-width: 1920px; --smush-placeholder-aspect-ratio: 1920\/1000;object-position:52% 70%\" data-object-fit=\"cover\" data-object-position=\"52% 70%\" data-srcset=\"https:\/\/www.camping-les-bois-flottes.fr\/wp-content\/uploads\/top-partenaires.jpg 1920w, https:\/\/www.camping-les-bois-flottes.fr\/wp-content\/uploads\/top-partenaires-1024x533.jpg 1024w, https:\/\/www.camping-les-bois-flottes.fr\/wp-content\/uploads\/top-partenaires-768x400.jpg 768w, https:\/\/www.camping-les-bois-flottes.fr\/wp-content\/uploads\/top-partenaires-1536x800.jpg 1536w, https:\/\/www.camping-les-bois-flottes.fr\/wp-content\/uploads\/top-partenaires-512x267.jpg 512w, https:\/\/www.camping-les-bois-flottes.fr\/wp-content\/uploads\/top-partenaires-256x133.jpg 256w\" data-sizes=\"(max-width: 1920px) 100vw, 1920px\" src=\"data:image\/svg+xml;base64,PHN2ZyB3aWR0aD0iMSIgaGVpZ2h0PSIxIiB4bWxucz0iaHR0cDovL3d3dy53My5vcmcvMjAwMC9zdmciPjwvc3ZnPg==\" \/><div class=\"wp-block-cover__inner-container is-layout-flow wp-block-cover-is-layout-flow\">\n<p class=\"has-text-align-center titre-banner animation--init--once animation--top has-garamond-font-family has-h-2-font-size\" style=\"font-style:normal;font-weight:700;text-transform:uppercase\"><\/p>\n<\/div><\/div>\n<\/div>\n\n\n\n<div class=\"wp-block-group motor-margin is-layout-constrained wp-block-group-is-layout-constrained\">\n<div class=\"wp-block-group motor-thelis is-layout-constrained wp-block-group-is-layout-constrained\">\n<section class=\"formulaire-de-recherche-bar\">\r\n            <div id=\"expand-thelis-formulaire\">[:fr]R\u00e9servez[:][:es]Reservar[:][:en]Book[:]<\/div>\r\n            <div class=\"container-form\"><thr-search-engine set-day-of-week=\"saturday\"><\/thr-search-engine><a id=\"pay-btn-2\" onclick=\"window.open('https:\/\/thelisresa.webcamp.fr\/cart-directPayment.php?camping=flotte13&amp;lang=de');\"><i><\/i>Ihren Aufenthalt<\/a>\r\n            <style>\r\n            \r\n            .thr-search-engine .thr-search-engine-main > .thr-btn-search { max-width: 20% !important; }\r\n            .thr .btn i { margin-right: 0 !important; }\r\n            #pay-btn-2 { \r\n                position: absolute;\r\n                right: 0;top: 0;\r\n                margin: 10px;\r\n                border: 0;\r\n                background-color: ;\r\n                color: ;\r\n                cursor: pointer;\r\n                width: calc(17% - 5px);\r\n                padding: 17px 0;\r\n                font-size: 18px;\r\n                font-weight: bold;\r\n                text-transform: auto;\r\n                transition: all .35s;\r\n                display: flex;justify-content: center;\r\n                align-items: center;\r\n            }\r\n            #pay-btn-2 i {\r\n                display: inline-flex;\r\n                width:18px;height:18px;\r\n                margin-right: 5px;\r\n                background-image: url('data:image\/svg+xml;utf8,<?xml version=\"1.0\" encoding=\"utf-8\"?><svg width=\"1792\" height=\"1792\" viewBox=\"0 0 1792 1792\" xmlns=\"http:\/\/www.w3.org\/2000\/svg\"><path d=\"M704 1536q0 52-38 90t-90 38-90-38-38-90 38-90 90-38 90 38 38 90zm896 0q0 52-38 90t-90 38-90-38-38-90 38-90 90-38 90 38 38 90zm128-1088v512q0 24-16.5 42.5t-40.5 21.5l-1044 122q13 60 13 70 0 16-24 64h920q26 0 45 19t19 45-19 45-45 19h-1024q-26 0-45-19t-19-45q0-11 8-31.5t16-36 21.5-40 15.5-29.5l-177-823h-204q-26 0-45-19t-19-45 19-45 45-19h256q16 0 28.5 6.5t19.5 15.5 13 24.5 8 26 5.5 29.5 4.5 26h1201q26 0 45 19t19 45z\" fill=\"rgba(255,255,255,1)\" \/><\/svg>');\r\n                background-size: cover;background-position: center center;background-repeat: no-repeat;\r\n            }\r\n            #pay-btn-2:hover { background-color: ; }\r\n            .thr-search-engine { width: 83%; }\r\n\r\n            @media screen and (max-width: 1024px) {\r\n                #pay-btn-2 { top: 52px; }\r\n                .thr-search-engine .thr-search-engine-main > .thr-btn-search { max-width: inherit !important; }\r\n            }\r\n            @media screen and (max-width: 990px) {\r\n                .thr-search-engine { width: 100%; }\r\n                #pay-btn-2 { position: relative;width: calc(100% - 20px);top: auto;margin-top: 0; }\r\n            }\r\n\r\n            thr-search-engine { border-right: 200px rgba(0,0,0,0) solid;display: block; }\r\n            @media screen and (max-width: 1024px) {\r\n                thr-search-engine { border-right: inherit;display: inherit; }\r\n            }\r\n            <\/style>\r\n            <\/div><\/section><!-- .formulaire-de-recherche-bar --><style>\r\n        #expand-thelis-formulaire { display: none; }\r\n        @media screen and (max-width: 1024px) {\r\n            #expand-thelis-formulaire { display: block; }\r\n            .formulaire-de-recherche-bar .container-form { display: none; }\r\n        }\r\n    <\/style><script>\r\n    jQuery(document).ready(function($){\r\n        jQuery('#expand-thelis-formulaire').click(function(){\r\n            if(\r\n                jQuery('.formulaire-de-recherche-bar .container-form').css('display') == 'none'\r\n            ){\r\n                jQuery('.formulaire-de-recherche-bar .container-form').css('display', 'block');\r\n                jQuery('#expand-thelis-formulaire').addClass('expanded');\r\n            }else{\r\n                jQuery('.formulaire-de-recherche-bar .container-form').css('display', 'none');\r\n                jQuery('#expand-thelis-formulaire').removeClass('expanded');\r\n            }\r\n        });\r\n    });\r\n    <\/script>\n<\/div>\n\n\n<div class=\"yoast-breadcrumbs\"><span><span><a href=\"https:\/\/www.camping-les-bois-flottes.fr\/de\/\">Startseite<\/a><\/span> <i class=\"fa-solid fa-angle-right\"><\/i> <span class=\"breadcrumb_last\" aria-current=\"page\"><strong>Unsere Partner<\/strong><\/span><\/span><\/div><\/div>\n\n\n\n<div class=\"wp-block-group alignfull over-y-vi is-layout-constrained wp-block-group-is-layout-constrained\" style=\"margin-top:50px;margin-bottom:50px\">\n<div class=\"wp-block-group animation--init--once animation--top is-layout-constrained wp-block-group-is-layout-constrained\">\n<h1 class=\"wp-block-heading has-text-align-center\">Unsere Partner <br><mark style=\"background-color:rgba(0, 0, 0, 0)\" class=\"has-inline-color has-theme-bleu-color\"><sup>GEMEINSAM ZU IHREN DIENSTEN<\/sup><\/mark><\/h1>\n\n\n        <div class=\"wp-block-custom-grid has-text-align-center block-grid-responsive\" style=\" --wp--style--block-desktop-column:4;--wp--style--block-tablet-column:2;--wp--style--block-mobile-column:1;\">\n\n                <div class=\"acf-innerblocks-container\">\n\n<figure class=\"wp-block-image aligncenter size-full\"><a href=\"https:\/\/www.facebook.com\/profile.php?id=100039388937707\" target=\"_blank\" rel=\"noreferrer noopener\"><img decoding=\"async\" width=\"170\" height=\"170\" data-src=\"https:\/\/www.camping-les-bois-flottes.fr\/wp-content\/uploads\/boulangerie-salin-de-giraud.jpg\" alt=\"\" class=\"wp-image-7606 lazyload\" src=\"data:image\/svg+xml;base64,PHN2ZyB3aWR0aD0iMSIgaGVpZ2h0PSIxIiB4bWxucz0iaHR0cDovL3d3dy53My5vcmcvMjAwMC9zdmciPjwvc3ZnPg==\" style=\"--smush-placeholder-width: 170px; --smush-placeholder-aspect-ratio: 170\/170;\" \/><\/a><\/figure>\n\n\n\n<figure class=\"wp-block-image aligncenter size-full\"><a href=\"https:\/\/www.facebook.com\/photo\/?fbid=989107505239497&amp;set=a.989107511906163\" target=\"_blank\" rel=\"noreferrer noopener\"><img decoding=\"async\" width=\"170\" height=\"170\" data-src=\"https:\/\/www.camping-les-bois-flottes.fr\/wp-content\/uploads\/etal-camarguais-boucherie.jpg\" alt=\"\" class=\"wp-image-7605 lazyload\" src=\"data:image\/svg+xml;base64,PHN2ZyB3aWR0aD0iMSIgaGVpZ2h0PSIxIiB4bWxucz0iaHR0cDovL3d3dy53My5vcmcvMjAwMC9zdmciPjwvc3ZnPg==\" style=\"--smush-placeholder-width: 170px; --smush-placeholder-aspect-ratio: 170\/170;\" \/><\/a><\/figure>\n\n\n\n<figure class=\"wp-block-image aligncenter size-full\"><a href=\"https:\/\/www.marseille-tourisme.com\" target=\"_blank\" rel=\"noreferrer noopener\"><img decoding=\"async\" width=\"170\" height=\"170\" data-src=\"https:\/\/www.camping-les-bois-flottes.fr\/wp-content\/uploads\/marseille-off-tourisme.jpg\" alt=\"\" class=\"wp-image-7604 lazyload\" src=\"data:image\/svg+xml;base64,PHN2ZyB3aWR0aD0iMSIgaGVpZ2h0PSIxIiB4bWxucz0iaHR0cDovL3d3dy53My5vcmcvMjAwMC9zdmciPjwvc3ZnPg==\" style=\"--smush-placeholder-width: 170px; --smush-placeholder-aspect-ratio: 170\/170;\" \/><\/a><\/figure>\n\n\n\n<figure class=\"wp-block-image aligncenter size-full\"><a href=\"https:\/\/www.facebook.com\/office.tourisme.arles\" target=\"_blank\" rel=\"noreferrer noopener\"><img decoding=\"async\" width=\"170\" height=\"170\" data-src=\"https:\/\/www.camping-les-bois-flottes.fr\/wp-content\/uploads\/arles-off-tourisme.jpg\" alt=\"\" class=\"wp-image-7603 lazyload\" src=\"data:image\/svg+xml;base64,PHN2ZyB3aWR0aD0iMSIgaGVpZ2h0PSIxIiB4bWxucz0iaHR0cDovL3d3dy53My5vcmcvMjAwMC9zdmciPjwvc3ZnPg==\" style=\"--smush-placeholder-width: 170px; --smush-placeholder-aspect-ratio: 170\/170;\" \/><\/a><\/figure>\n\n\n\n<figure class=\"wp-block-image aligncenter size-full\"><a href=\"http:\/\/www.parc-camargue.fr\" target=\"_blank\" rel=\"noreferrer noopener\"><img decoding=\"async\" width=\"170\" height=\"170\" data-src=\"https:\/\/www.camping-les-bois-flottes.fr\/wp-content\/uploads\/parc-naturel-regional-de-cargue.jpg\" alt=\"\" class=\"wp-image-7602 lazyload\" src=\"data:image\/svg+xml;base64,PHN2ZyB3aWR0aD0iMSIgaGVpZ2h0PSIxIiB4bWxucz0iaHR0cDovL3d3dy53My5vcmcvMjAwMC9zdmciPjwvc3ZnPg==\" style=\"--smush-placeholder-width: 170px; --smush-placeholder-aspect-ratio: 170\/170;\" \/><\/a><\/figure>\n\n\n\n<figure class=\"wp-block-image aligncenter size-full\"><a href=\"https:\/\/www.portsaintlouis-tourisme.fr\/fr\/\" target=\"_blank\" rel=\"noreferrer noopener\"><img decoding=\"async\" width=\"170\" height=\"170\" data-src=\"https:\/\/www.camping-les-bois-flottes.fr\/wp-content\/uploads\/port-saint-louis.jpg\" alt=\"\" class=\"wp-image-7601 lazyload\" src=\"data:image\/svg+xml;base64,PHN2ZyB3aWR0aD0iMSIgaGVpZ2h0PSIxIiB4bWxucz0iaHR0cDovL3d3dy53My5vcmcvMjAwMC9zdmciPjwvc3ZnPg==\" style=\"--smush-placeholder-width: 170px; --smush-placeholder-aspect-ratio: 170\/170;\" \/><\/a><\/figure>\n\n\n\n<figure class=\"wp-block-image aligncenter size-full\"><a href=\"https:\/\/www.facebook.com\/restaurant.bois.flottes\" target=\"_blank\" rel=\"noreferrer noopener\"><img decoding=\"async\" width=\"170\" height=\"170\" data-src=\"https:\/\/www.camping-les-bois-flottes.fr\/wp-content\/uploads\/restaurant-bois-flottes.jpg\" alt=\"\" class=\"wp-image-7600 lazyload\" src=\"data:image\/svg+xml;base64,PHN2ZyB3aWR0aD0iMSIgaGVpZ2h0PSIxIiB4bWxucz0iaHR0cDovL3d3dy53My5vcmcvMjAwMC9zdmciPjwvc3ZnPg==\" style=\"--smush-placeholder-width: 170px; --smush-placeholder-aspect-ratio: 170\/170;\" \/><\/a><\/figure>\n\n\n\n<figure class=\"wp-block-image aligncenter size-full\"><a href=\"https:\/\/www.marais-vigueirat.reserves-naturelles.org\" target=\"_blank\" rel=\"noreferrer noopener\"><img decoding=\"async\" width=\"170\" height=\"170\" data-src=\"https:\/\/www.camping-les-bois-flottes.fr\/wp-content\/uploads\/marais-du-vegueirat.jpg\" alt=\"\" class=\"wp-image-7599 lazyload\" src=\"data:image\/svg+xml;base64,PHN2ZyB3aWR0aD0iMSIgaGVpZ2h0PSIxIiB4bWxucz0iaHR0cDovL3d3dy53My5vcmcvMjAwMC9zdmciPjwvc3ZnPg==\" style=\"--smush-placeholder-width: 170px; --smush-placeholder-aspect-ratio: 170\/170;\" \/><\/a><\/figure>\n\n\n\n<figure class=\"wp-block-image aligncenter size-full\"><a href=\"https:\/\/www.facebook.com\/profile.php?id=100092483431105\" target=\"_blank\" rel=\"noreferrer noopener\"><img decoding=\"async\" width=\"170\" height=\"170\" data-src=\"https:\/\/www.camping-les-bois-flottes.fr\/wp-content\/uploads\/la-manade-ponche.jpg\" alt=\"\" class=\"wp-image-7598 lazyload\" src=\"data:image\/svg+xml;base64,PHN2ZyB3aWR0aD0iMSIgaGVpZ2h0PSIxIiB4bWxucz0iaHR0cDovL3d3dy53My5vcmcvMjAwMC9zdmciPjwvc3ZnPg==\" style=\"--smush-placeholder-width: 170px; --smush-placeholder-aspect-ratio: 170\/170;\" \/><\/a><\/figure>\n\n\n\n<figure class=\"wp-block-image aligncenter size-full\"><a href=\"https:\/\/www.salins.com\" target=\"_blank\" rel=\"noreferrer noopener\"><img decoding=\"async\" width=\"170\" height=\"170\" data-src=\"https:\/\/www.camping-les-bois-flottes.fr\/wp-content\/uploads\/salins.jpg\" alt=\"\" class=\"wp-image-7597 lazyload\" src=\"data:image\/svg+xml;base64,PHN2ZyB3aWR0aD0iMSIgaGVpZ2h0PSIxIiB4bWxucz0iaHR0cDovL3d3dy53My5vcmcvMjAwMC9zdmciPjwvc3ZnPg==\" style=\"--smush-placeholder-width: 170px; --smush-placeholder-aspect-ratio: 170\/170;\" \/><\/a><\/figure>\n\n\n\n<figure class=\"wp-block-image aligncenter size-full\"><a href=\"https:\/\/www.ville-arles.fr\" target=\"_blank\" rel=\"noreferrer noopener\"><img decoding=\"async\" width=\"170\" height=\"170\" data-src=\"https:\/\/www.camping-les-bois-flottes.fr\/wp-content\/uploads\/vile-arles.jpg\" alt=\"\" class=\"wp-image-7596 lazyload\" src=\"data:image\/svg+xml;base64,PHN2ZyB3aWR0aD0iMSIgaGVpZ2h0PSIxIiB4bWxucz0iaHR0cDovL3d3dy53My5vcmcvMjAwMC9zdmciPjwvc3ZnPg==\" style=\"--smush-placeholder-width: 170px; --smush-placeholder-aspect-ratio: 170\/170;\" \/><\/a><\/figure>\n\n\n\n<figure class=\"wp-block-image aligncenter size-full\"><a href=\"http:\/\/www.palissade.fr\" target=\"_blank\" rel=\"noreferrer noopener\"><img decoding=\"async\" width=\"170\" height=\"170\" data-src=\"https:\/\/www.camping-les-bois-flottes.fr\/wp-content\/uploads\/domaine-de-la-palissade.jpg\" alt=\"\" class=\"wp-image-7595 lazyload\" src=\"data:image\/svg+xml;base64,PHN2ZyB3aWR0aD0iMSIgaGVpZ2h0PSIxIiB4bWxucz0iaHR0cDovL3d3dy53My5vcmcvMjAwMC9zdmciPjwvc3ZnPg==\" style=\"--smush-placeholder-width: 170px; --smush-placeholder-aspect-ratio: 170\/170;\" \/><\/a><\/figure>\n\n<\/div>\n<\/div><\/div>\n<\/div>\n","protected":false},"excerpt":{"rendered":"<p>Unsere Partner GEMEINSAM ZU IHREN DIENSTEN<\/p>\n","protected":false},"author":5,"featured_media":0,"parent":0,"menu_order":5,"comment_status":"closed","ping_status":"closed","template":"","meta":{"_acf_changed":false,"inline_featured_image":false,"ub_ctt_via":"","footnotes":""},"class_list":["post-8000","page","type-page","status-publish","hentry"],"acf":[],"featured_image_src":null,"yoast_head":"<!-- This site is optimized with the Yoast SEO plugin v24.0 - https:\/\/yoast.com\/wordpress\/plugins\/seo\/ -->\n<title>Tourismus in der Camargue \u2013 unsere Partner<\/title>\n<meta name=\"description\" content=\"Entdecken Sie die Partner des Campingplatzes Les Bois Flott\u00e9s in der Camargue bei Arles, um Ihre Aktivit\u00e4ten w\u00e4hrend Ihres Urlaubs in der N\u00e4he von Arles zu organisieren.\" \/>\n<meta name=\"robots\" content=\"index, follow, max-snippet:-1, max-image-preview:large, max-video-preview:-1\" \/>\n<link rel=\"canonical\" href=\"https:\/\/www.camping-les-bois-flottes.fr\/de\/unsere-partner\/\" \/>\n<meta property=\"og:locale\" content=\"de_DE\" \/>\n<meta property=\"og:type\" content=\"article\" \/>\n<meta property=\"og:title\" content=\"Tourismus in der Camargue \u2013 unsere Partner\" \/>\n<meta property=\"og:description\" content=\"Entdecken Sie die Partner des Campingplatzes Les Bois Flott\u00e9s in der Camargue bei Arles, um Ihre Aktivit\u00e4ten w\u00e4hrend Ihres Urlaubs in der N\u00e4he von Arles zu organisieren.\" \/>\n<meta property=\"og:url\" content=\"https:\/\/www.camping-les-bois-flottes.fr\/de\/unsere-partner\/\" \/>\n<meta property=\"og:site_name\" content=\"Camping Les Bois Flott\u00e9s\" \/>\n<meta property=\"article:modified_time\" content=\"2023-11-14T09:07:36+00:00\" \/>\n<meta property=\"og:image\" content=\"https:\/\/www.camping-les-bois-flottes.fr\/wp-content\/uploads\/top-partenaires.jpg\" \/>\n<meta name=\"twitter:card\" content=\"summary_large_image\" \/>\n<meta name=\"twitter:label1\" content=\"Gesch\u00e4tzte Lesezeit\" \/>\n\t<meta name=\"twitter:data1\" content=\"3\u00a0Minuten\" \/>\n<script type=\"application\/ld+json\" class=\"yoast-schema-graph\">{\"@context\":\"https:\/\/schema.org\",\"@graph\":[{\"@type\":\"WebPage\",\"@id\":\"https:\/\/www.camping-les-bois-flottes.fr\/de\/unsere-partner\/\",\"url\":\"https:\/\/www.camping-les-bois-flottes.fr\/de\/unsere-partner\/\",\"name\":\"Tourismus in der Camargue \u2013 unsere Partner\",\"isPartOf\":{\"@id\":\"https:\/\/www.camping-les-bois-flottes.fr\/de\/#website\"},\"primaryImageOfPage\":{\"@id\":\"https:\/\/www.camping-les-bois-flottes.fr\/de\/unsere-partner\/#primaryimage\"},\"image\":{\"@id\":\"https:\/\/www.camping-les-bois-flottes.fr\/de\/unsere-partner\/#primaryimage\"},\"thumbnailUrl\":\"https:\/\/www.camping-les-bois-flottes.fr\/wp-content\/uploads\/top-partenaires.jpg\",\"datePublished\":\"2023-05-30T13:57:10+00:00\",\"dateModified\":\"2023-11-14T09:07:36+00:00\",\"description\":\"Entdecken Sie die Partner des Campingplatzes Les Bois Flott\u00e9s in der Camargue bei Arles, um Ihre Aktivit\u00e4ten w\u00e4hrend Ihres Urlaubs in der N\u00e4he von Arles zu organisieren.\",\"breadcrumb\":{\"@id\":\"https:\/\/www.camping-les-bois-flottes.fr\/de\/unsere-partner\/#breadcrumb\"},\"inLanguage\":\"de\",\"potentialAction\":[{\"@type\":\"ReadAction\",\"target\":[\"https:\/\/www.camping-les-bois-flottes.fr\/de\/unsere-partner\/\"]}]},{\"@type\":\"ImageObject\",\"inLanguage\":\"de\",\"@id\":\"https:\/\/www.camping-les-bois-flottes.fr\/de\/unsere-partner\/#primaryimage\",\"url\":\"https:\/\/www.camping-les-bois-flottes.fr\/wp-content\/uploads\/top-partenaires.jpg\",\"contentUrl\":\"https:\/\/www.camping-les-bois-flottes.fr\/wp-content\/uploads\/top-partenaires.jpg\"},{\"@type\":\"BreadcrumbList\",\"@id\":\"https:\/\/www.camping-les-bois-flottes.fr\/de\/unsere-partner\/#breadcrumb\",\"itemListElement\":[{\"@type\":\"ListItem\",\"position\":1,\"name\":\"Startseite\",\"item\":\"https:\/\/www.camping-les-bois-flottes.fr\/de\/\"},{\"@type\":\"ListItem\",\"position\":2,\"name\":\"Unsere Partner\"}]},{\"@type\":\"WebSite\",\"@id\":\"https:\/\/www.camping-les-bois-flottes.fr\/de\/#website\",\"url\":\"https:\/\/www.camping-les-bois-flottes.fr\/de\/\",\"name\":\"Camping Les Bois Flott\u00e9s\",\"description\":\"\",\"publisher\":{\"@id\":\"https:\/\/www.camping-les-bois-flottes.fr\/de\/#organization\"},\"potentialAction\":[{\"@type\":\"SearchAction\",\"target\":{\"@type\":\"EntryPoint\",\"urlTemplate\":\"https:\/\/www.camping-les-bois-flottes.fr\/de\/?s={search_term_string}\"},\"query-input\":{\"@type\":\"PropertyValueSpecification\",\"valueRequired\":true,\"valueName\":\"search_term_string\"}}],\"inLanguage\":\"de\"},{\"@type\":\"Organization\",\"@id\":\"https:\/\/www.camping-les-bois-flottes.fr\/de\/#organization\",\"name\":\"Camping Les Bois Flott\u00e9s\",\"url\":\"https:\/\/www.camping-les-bois-flottes.fr\/de\/\",\"logo\":{\"@type\":\"ImageObject\",\"inLanguage\":\"de\",\"@id\":\"https:\/\/www.camping-les-bois-flottes.fr\/de\/#\/schema\/logo\/image\/\",\"url\":\"https:\/\/www.camping-les-bois-flottes.fr\/wp-content\/uploads\/logo-boisflottes-region-sud.png\",\"contentUrl\":\"https:\/\/www.camping-les-bois-flottes.fr\/wp-content\/uploads\/logo-boisflottes-region-sud.png\",\"width\":2394,\"height\":706,\"caption\":\"Camping Les Bois Flott\u00e9s\"},\"image\":{\"@id\":\"https:\/\/www.camping-les-bois-flottes.fr\/de\/#\/schema\/logo\/image\/\"}}]}<\/script>\n<!-- \/ Yoast SEO plugin. -->","yoast_head_json":{"title":"Tourismus in der Camargue \u2013 unsere Partner","description":"Entdecken Sie die Partner des Campingplatzes Les Bois Flott\u00e9s in der Camargue bei Arles, um Ihre Aktivit\u00e4ten w\u00e4hrend Ihres Urlaubs in der N\u00e4he von Arles zu organisieren.","robots":{"index":"index","follow":"follow","max-snippet":"max-snippet:-1","max-image-preview":"max-image-preview:large","max-video-preview":"max-video-preview:-1"},"canonical":"https:\/\/www.camping-les-bois-flottes.fr\/de\/unsere-partner\/","og_locale":"de_DE","og_type":"article","og_title":"Tourismus in der Camargue \u2013 unsere Partner","og_description":"Entdecken Sie die Partner des Campingplatzes Les Bois Flott\u00e9s in der Camargue bei Arles, um Ihre Aktivit\u00e4ten w\u00e4hrend Ihres Urlaubs in der N\u00e4he von Arles zu organisieren.","og_url":"https:\/\/www.camping-les-bois-flottes.fr\/de\/unsere-partner\/","og_site_name":"Camping Les Bois Flott\u00e9s","article_modified_time":"2023-11-14T09:07:36+00:00","og_image":[{"url":"https:\/\/www.camping-les-bois-flottes.fr\/wp-content\/uploads\/top-partenaires.jpg","type":"","width":"","height":""}],"twitter_card":"summary_large_image","twitter_misc":{"Gesch\u00e4tzte Lesezeit":"3\u00a0Minuten"},"schema":{"@context":"https:\/\/schema.org","@graph":[{"@type":"WebPage","@id":"https:\/\/www.camping-les-bois-flottes.fr\/de\/unsere-partner\/","url":"https:\/\/www.camping-les-bois-flottes.fr\/de\/unsere-partner\/","name":"Tourismus in der Camargue \u2013 unsere Partner","isPartOf":{"@id":"https:\/\/www.camping-les-bois-flottes.fr\/de\/#website"},"primaryImageOfPage":{"@id":"https:\/\/www.camping-les-bois-flottes.fr\/de\/unsere-partner\/#primaryimage"},"image":{"@id":"https:\/\/www.camping-les-bois-flottes.fr\/de\/unsere-partner\/#primaryimage"},"thumbnailUrl":"https:\/\/www.camping-les-bois-flottes.fr\/wp-content\/uploads\/top-partenaires.jpg","datePublished":"2023-05-30T13:57:10+00:00","dateModified":"2023-11-14T09:07:36+00:00","description":"Entdecken Sie die Partner des Campingplatzes Les Bois Flott\u00e9s in der Camargue bei Arles, um Ihre Aktivit\u00e4ten w\u00e4hrend Ihres Urlaubs in der N\u00e4he von Arles zu organisieren.","breadcrumb":{"@id":"https:\/\/www.camping-les-bois-flottes.fr\/de\/unsere-partner\/#breadcrumb"},"inLanguage":"de","potentialAction":[{"@type":"ReadAction","target":["https:\/\/www.camping-les-bois-flottes.fr\/de\/unsere-partner\/"]}]},{"@type":"ImageObject","inLanguage":"de","@id":"https:\/\/www.camping-les-bois-flottes.fr\/de\/unsere-partner\/#primaryimage","url":"https:\/\/www.camping-les-bois-flottes.fr\/wp-content\/uploads\/top-partenaires.jpg","contentUrl":"https:\/\/www.camping-les-bois-flottes.fr\/wp-content\/uploads\/top-partenaires.jpg"},{"@type":"BreadcrumbList","@id":"https:\/\/www.camping-les-bois-flottes.fr\/de\/unsere-partner\/#breadcrumb","itemListElement":[{"@type":"ListItem","position":1,"name":"Startseite","item":"https:\/\/www.camping-les-bois-flottes.fr\/de\/"},{"@type":"ListItem","position":2,"name":"Unsere Partner"}]},{"@type":"WebSite","@id":"https:\/\/www.camping-les-bois-flottes.fr\/de\/#website","url":"https:\/\/www.camping-les-bois-flottes.fr\/de\/","name":"Camping Les Bois Flott\u00e9s","description":"","publisher":{"@id":"https:\/\/www.camping-les-bois-flottes.fr\/de\/#organization"},"potentialAction":[{"@type":"SearchAction","target":{"@type":"EntryPoint","urlTemplate":"https:\/\/www.camping-les-bois-flottes.fr\/de\/?s={search_term_string}"},"query-input":{"@type":"PropertyValueSpecification","valueRequired":true,"valueName":"search_term_string"}}],"inLanguage":"de"},{"@type":"Organization","@id":"https:\/\/www.camping-les-bois-flottes.fr\/de\/#organization","name":"Camping Les Bois Flott\u00e9s","url":"https:\/\/www.camping-les-bois-flottes.fr\/de\/","logo":{"@type":"ImageObject","inLanguage":"de","@id":"https:\/\/www.camping-les-bois-flottes.fr\/de\/#\/schema\/logo\/image\/","url":"https:\/\/www.camping-les-bois-flottes.fr\/wp-content\/uploads\/logo-boisflottes-region-sud.png","contentUrl":"https:\/\/www.camping-les-bois-flottes.fr\/wp-content\/uploads\/logo-boisflottes-region-sud.png","width":2394,"height":706,"caption":"Camping Les Bois Flott\u00e9s"},"image":{"@id":"https:\/\/www.camping-les-bois-flottes.fr\/de\/#\/schema\/logo\/image\/"}}]}},"_links":{"self":[{"href":"https:\/\/www.camping-les-bois-flottes.fr\/de\/wp-json\/wp\/v2\/pages\/8000","targetHints":{"allow":["GET"]}}],"collection":[{"href":"https:\/\/www.camping-les-bois-flottes.fr\/de\/wp-json\/wp\/v2\/pages"}],"about":[{"href":"https:\/\/www.camping-les-bois-flottes.fr\/de\/wp-json\/wp\/v2\/types\/page"}],"author":[{"embeddable":true,"href":"https:\/\/www.camping-les-bois-flottes.fr\/de\/wp-json\/wp\/v2\/users\/5"}],"replies":[{"embeddable":true,"href":"https:\/\/www.camping-les-bois-flottes.fr\/de\/wp-json\/wp\/v2\/comments?post=8000"}],"version-history":[{"count":1,"href":"https:\/\/www.camping-les-bois-flottes.fr\/de\/wp-json\/wp\/v2\/pages\/8000\/revisions"}],"predecessor-version":[{"id":8242,"href":"https:\/\/www.camping-les-bois-flottes.fr\/de\/wp-json\/wp\/v2\/pages\/8000\/revisions\/8242"}],"wp:attachment":[{"href":"https:\/\/www.camping-les-bois-flottes.fr\/de\/wp-json\/wp\/v2\/media?parent=8000"}],"curies":[{"name":"wp","href":"https:\/\/api.w.org\/{rel}","templated":true}]}}