{"id":9166,"date":"2024-04-17T16:36:03","date_gmt":"2024-04-17T14:36:03","guid":{"rendered":"https:\/\/www.camping-les-bois-flottes.fr\/?page_id=9166"},"modified":"2024-04-17T17:04:27","modified_gmt":"2024-04-17T15:04:27","slug":"fahrad-verleih","status":"publish","type":"page","link":"https:\/\/www.camping-les-bois-flottes.fr\/de\/der-campingplatz\/unsere-dienstleistungen\/fahrad-verleih\/","title":{"rendered":"Fahrad verleih"},"content":{"rendered":"\n<div class=\"wp-block-group alignfull p-40 is-layout-constrained wp-block-group-is-layout-constrained\">\n<div class=\"wp-block-cover alignfull\" style=\"margin-top:0px;margin-bottom:0px;min-height:70vh;aspect-ratio:unset;\"><span aria-hidden=\"true\" class=\"wp-block-cover__background has-background-dim wp-block-cover__gradient-background has-background-gradient\" style=\"background-color:#6d6c6e;background:linear-gradient(180deg,rgba(0,0,0,0.74) 0%,rgba(0,0,0,0.02) 24%)\"><\/span><img decoding=\"async\" width=\"1920\" height=\"800\" class=\"wp-block-cover__image-background wp-image-9160 lazyload\" alt=\"\" data-src=\"https:\/\/www.camping-les-bois-flottes.fr\/wp-content\/uploads\/location-velos-top.jpg\" data-object-fit=\"cover\" data-srcset=\"https:\/\/www.camping-les-bois-flottes.fr\/wp-content\/uploads\/location-velos-top.jpg 1920w, https:\/\/www.camping-les-bois-flottes.fr\/wp-content\/uploads\/location-velos-top-1024x427.jpg 1024w, https:\/\/www.camping-les-bois-flottes.fr\/wp-content\/uploads\/location-velos-top-768x320.jpg 768w, https:\/\/www.camping-les-bois-flottes.fr\/wp-content\/uploads\/location-velos-top-1536x640.jpg 1536w, https:\/\/www.camping-les-bois-flottes.fr\/wp-content\/uploads\/location-velos-top-512x213.jpg 512w, https:\/\/www.camping-les-bois-flottes.fr\/wp-content\/uploads\/location-velos-top-256x107.jpg 256w\" data-sizes=\"(max-width: 1920px) 100vw, 1920px\" src=\"data:image\/svg+xml;base64,PHN2ZyB3aWR0aD0iMSIgaGVpZ2h0PSIxIiB4bWxucz0iaHR0cDovL3d3dy53My5vcmcvMjAwMC9zdmciPjwvc3ZnPg==\" style=\"--smush-placeholder-width: 1920px; --smush-placeholder-aspect-ratio: 1920\/800;\" \/><div class=\"wp-block-cover__inner-container is-layout-flow wp-block-cover-is-layout-flow\">\n<p class=\"has-text-align-center titre-banner animation--init--once animation--top has-garamond-font-family has-h-2-font-size\" style=\"font-style:normal;font-weight:700;text-transform:uppercase\"><\/p>\n<\/div><\/div>\n<\/div>\n\n\n\n<div class=\"wp-block-group motor-margin is-layout-constrained wp-block-group-is-layout-constrained\">\n<div class=\"wp-block-group motor-thelis is-layout-constrained wp-block-group-is-layout-constrained\">\n<section class=\"formulaire-de-recherche-bar\">\r\n            <div id=\"expand-thelis-formulaire\">[:fr]R\u00e9servez[:][:es]Reservar[:][:en]Book[:]<\/div>\r\n            <div class=\"container-form\"><thr-search-engine set-day-of-week=\"saturday\"><\/thr-search-engine><a id=\"pay-btn-2\" onclick=\"window.open('https:\/\/thelisresa.webcamp.fr\/cart-directPayment.php?camping=flotte13&amp;lang=de');\"><i><\/i>Ihren Aufenthalt<\/a>\r\n            <style>\r\n            \r\n            .thr-search-engine .thr-search-engine-main > .thr-btn-search { max-width: 20% !important; }\r\n            .thr .btn i { margin-right: 0 !important; }\r\n            #pay-btn-2 { \r\n                position: absolute;\r\n                right: 0;top: 0;\r\n                margin: 10px;\r\n                border: 0;\r\n                background-color: ;\r\n                color: ;\r\n                cursor: pointer;\r\n                width: calc(17% - 5px);\r\n                padding: 17px 0;\r\n                font-size: 18px;\r\n                font-weight: bold;\r\n                text-transform: auto;\r\n                transition: all .35s;\r\n                display: flex;justify-content: center;\r\n                align-items: center;\r\n            }\r\n            #pay-btn-2 i {\r\n                display: inline-flex;\r\n                width:18px;height:18px;\r\n                margin-right: 5px;\r\n                background-image: url('data:image\/svg+xml;utf8,<?xml version=\"1.0\" encoding=\"utf-8\"?><svg width=\"1792\" height=\"1792\" viewBox=\"0 0 1792 1792\" xmlns=\"http:\/\/www.w3.org\/2000\/svg\"><path d=\"M704 1536q0 52-38 90t-90 38-90-38-38-90 38-90 90-38 90 38 38 90zm896 0q0 52-38 90t-90 38-90-38-38-90 38-90 90-38 90 38 38 90zm128-1088v512q0 24-16.5 42.5t-40.5 21.5l-1044 122q13 60 13 70 0 16-24 64h920q26 0 45 19t19 45-19 45-45 19h-1024q-26 0-45-19t-19-45q0-11 8-31.5t16-36 21.5-40 15.5-29.5l-177-823h-204q-26 0-45-19t-19-45 19-45 45-19h256q16 0 28.5 6.5t19.5 15.5 13 24.5 8 26 5.5 29.5 4.5 26h1201q26 0 45 19t19 45z\" fill=\"rgba(255,255,255,1)\" \/><\/svg>');\r\n                background-size: cover;background-position: center center;background-repeat: no-repeat;\r\n            }\r\n            #pay-btn-2:hover { background-color: ; }\r\n            .thr-search-engine { width: 83%; }\r\n\r\n            @media screen and (max-width: 1024px) {\r\n                #pay-btn-2 { top: 52px; }\r\n                .thr-search-engine .thr-search-engine-main > .thr-btn-search { max-width: inherit !important; }\r\n            }\r\n            @media screen and (max-width: 990px) {\r\n                .thr-search-engine { width: 100%; }\r\n                #pay-btn-2 { position: relative;width: calc(100% - 20px);top: auto;margin-top: 0; }\r\n            }\r\n\r\n            thr-search-engine { border-right: 200px rgba(0,0,0,0) solid;display: block; }\r\n            @media screen and (max-width: 1024px) {\r\n                thr-search-engine { border-right: inherit;display: inherit; }\r\n            }\r\n            <\/style>\r\n            <\/div><\/section><!-- .formulaire-de-recherche-bar --><style>\r\n        #expand-thelis-formulaire { display: none; }\r\n        @media screen and (max-width: 1024px) {\r\n            #expand-thelis-formulaire { display: block; }\r\n            .formulaire-de-recherche-bar .container-form { display: none; }\r\n        }\r\n    <\/style><script>\r\n    jQuery(document).ready(function($){\r\n        jQuery('#expand-thelis-formulaire').click(function(){\r\n            if(\r\n                jQuery('.formulaire-de-recherche-bar .container-form').css('display') == 'none'\r\n            ){\r\n                jQuery('.formulaire-de-recherche-bar .container-form').css('display', 'block');\r\n                jQuery('#expand-thelis-formulaire').addClass('expanded');\r\n            }else{\r\n                jQuery('.formulaire-de-recherche-bar .container-form').css('display', 'none');\r\n                jQuery('#expand-thelis-formulaire').removeClass('expanded');\r\n            }\r\n        });\r\n    });\r\n    <\/script>\n<\/div>\n\n\n<div class=\"yoast-breadcrumbs\"><span><span><a href=\"https:\/\/www.camping-les-bois-flottes.fr\/de\/\">Startseite<\/a><\/span> <i class=\"fa-solid fa-angle-right\"><\/i> <span><a href=\"https:\/\/www.camping-les-bois-flottes.fr\/de\/der-campingplatz\/\">Der Campingplatz<\/a><\/span> <i class=\"fa-solid fa-angle-right\"><\/i> <span><a href=\"https:\/\/www.camping-les-bois-flottes.fr\/de\/der-campingplatz\/unsere-dienstleistungen\/\">Unsere Dienstleistungen<\/a><\/span> <i class=\"fa-solid fa-angle-right\"><\/i> <span class=\"breadcrumb_last\" aria-current=\"page\"><strong>Fahrad verleih<\/strong><\/span><\/span><\/div><\/div>\n\n\n\n<div class=\"wp-block-group alignfull over-y-vi is-layout-constrained wp-block-group-is-layout-constrained\" style=\"margin-top:50px;margin-bottom:50px\">\n<div class=\"wp-block-group animation--init--once animation--top is-layout-constrained wp-block-group-is-layout-constrained\">\n<h1 class=\"wp-block-heading has-text-align-center\">Fahrad verleih<br><mark style=\"background-color:rgba(0, 0, 0, 0)\" class=\"has-inline-color has-theme-bleu-color\"><sup>Les Bois Flott\u00e9s<\/sup><\/mark><\/h1>\n\n\n\n<p>Willkommen bei unserem Fahrradverleih auf dem Campingplatz Les Bois Flott\u00e9s! Entdecken Sie die Pracht der Camargue in Ihrem eigenen Tempo mit unserer Auswahl an Fahrr\u00e4dern, die f\u00fcr jedes Alter und jedes Abenteuer verf\u00fcgbar sind.<\/p>\n\n\n\n<p>Wir bieten an:<\/p>\n\n\n\n<ul class=\"wp-block-list\">\n<li>Fahrr\u00e4der f\u00fcr Erwachsene und Kinder<\/li>\n\n\n\n<li>Elektrofahrr\u00e4der f\u00fcr Erwachsene<\/li>\n\n\n\n<li>Babysitze, die an alle Fahrr\u00e4der angepasst werden k\u00f6nnen<\/li>\n\n\n\n<li>Kinder fahrradanh\u00e4nger, die an alle Fahrr\u00e4der angepasst werden k\u00f6nnen, um die Kleinsten mit auf die Fahrt zu nehmen.<\/li>\n\n\n\n<li>Besonders beeindruckend sind unsere Radtouren durch die verschiedenen Dom\u00e4nen der Camargue. Die Salinen des Midi werden in der Camargue entlang der Fl\u00fcsse des Vaccar\u00e8s produziert und geh\u00f6ren au\u00dferdem zu den gr\u00f6\u00dften Vogelschutzgebieten Europas. Stellen Sie sich vor, Sie sind auf einer Fahrradtour inmitten von Flamingos. Ein unvergleichliches Erlebnis inmitten der Natur.<\/li>\n<\/ul>\n\n\n\n<p>Genie\u00dfen Sie einen ruhigen und friedlichen Familienurlaub oder ein sportliches Abenteuer, mit Ihren Fahrr\u00e4dern bereit, die Vielfalt und Sch\u00f6nheit der Camargue in v\u00f6lliger Freiheit zu entdecken.<\/p>\n\n\n\n<p>Um Ihr Fahrrad zu reservieren und Ihren n\u00e4chsten Fahrradausflug zu planen, kontaktieren Sie uns jetzt!<\/p>\n<\/div>\n<\/div>\n","protected":false},"excerpt":{"rendered":"<p>Fahrad verleihLes Bois Flott\u00e9s Willkommen bei unserem Fahrradverleih auf dem Campingplatz Les Bois Flott\u00e9s! Entdecken Sie die Pracht der Camargue in Ihrem eigenen Tempo mit unserer Auswahl an Fahrr\u00e4dern, die f\u00fcr jedes Alter und jedes Abenteuer verf\u00fcgbar sind. Wir bieten an: Genie\u00dfen Sie einen ruhigen und friedlichen Familienurlaub oder ein sportliches Abenteuer, mit Ihren Fahrr\u00e4dern [&hellip;]<\/p>\n","protected":false},"author":5,"featured_media":0,"parent":8101,"menu_order":1,"comment_status":"closed","ping_status":"closed","template":"","meta":{"_acf_changed":false,"inline_featured_image":false,"ub_ctt_via":"","footnotes":""},"class_list":["post-9166","page","type-page","status-publish","hentry"],"acf":[],"featured_image_src":null,"yoast_head":"<!-- This site is optimized with the Yoast SEO plugin v24.0 - https:\/\/yoast.com\/wordpress\/plugins\/seo\/ -->\n<title>Camping Les Bois Flott\u00e9s de Camargue - services et confort<\/title>\n<meta name=\"description\" content=\"R\u00e9servez votre location de vacances au camping Les Bois Flott\u00e9s et d\u00e9couvrez tous nos services : piscine, restaurant, Wi-Fi, boutique, animations...\" \/>\n<meta name=\"robots\" content=\"index, follow, max-snippet:-1, max-image-preview:large, max-video-preview:-1\" \/>\n<link rel=\"canonical\" href=\"https:\/\/www.camping-les-bois-flottes.fr\/de\/der-campingplatz\/unsere-dienstleistungen\/fahrad-verleih\/\" \/>\n<meta property=\"og:locale\" content=\"de_DE\" \/>\n<meta property=\"og:type\" content=\"article\" \/>\n<meta property=\"og:title\" content=\"Camping Les Bois Flott\u00e9s de Camargue - services et confort\" \/>\n<meta property=\"og:description\" content=\"R\u00e9servez votre location de vacances au camping Les Bois Flott\u00e9s et d\u00e9couvrez tous nos services : piscine, restaurant, Wi-Fi, boutique, animations...\" \/>\n<meta property=\"og:url\" content=\"https:\/\/www.camping-les-bois-flottes.fr\/de\/der-campingplatz\/unsere-dienstleistungen\/fahrad-verleih\/\" \/>\n<meta property=\"og:site_name\" content=\"Camping Les Bois Flott\u00e9s\" \/>\n<meta property=\"article:modified_time\" content=\"2024-04-17T15:04:27+00:00\" \/>\n<meta property=\"og:image\" content=\"https:\/\/www.camping-les-bois-flottes.fr\/wp-content\/uploads\/location-velos-top.jpg\" \/>\n<meta name=\"twitter:card\" content=\"summary_large_image\" \/>\n<meta name=\"twitter:label1\" content=\"Gesch\u00e4tzte Lesezeit\" \/>\n\t<meta name=\"twitter:data1\" content=\"2\u00a0Minuten\" \/>\n<script type=\"application\/ld+json\" class=\"yoast-schema-graph\">{\"@context\":\"https:\/\/schema.org\",\"@graph\":[{\"@type\":\"WebPage\",\"@id\":\"https:\/\/www.camping-les-bois-flottes.fr\/de\/der-campingplatz\/unsere-dienstleistungen\/fahrad-verleih\/\",\"url\":\"https:\/\/www.camping-les-bois-flottes.fr\/de\/der-campingplatz\/unsere-dienstleistungen\/fahrad-verleih\/\",\"name\":\"Camping Les Bois Flott\u00e9s de Camargue - services et confort\",\"isPartOf\":{\"@id\":\"https:\/\/www.camping-les-bois-flottes.fr\/de\/#website\"},\"primaryImageOfPage\":{\"@id\":\"https:\/\/www.camping-les-bois-flottes.fr\/de\/der-campingplatz\/unsere-dienstleistungen\/fahrad-verleih\/#primaryimage\"},\"image\":{\"@id\":\"https:\/\/www.camping-les-bois-flottes.fr\/de\/der-campingplatz\/unsere-dienstleistungen\/fahrad-verleih\/#primaryimage\"},\"thumbnailUrl\":\"https:\/\/www.camping-les-bois-flottes.fr\/wp-content\/uploads\/location-velos-top.jpg\",\"datePublished\":\"2024-04-17T14:36:03+00:00\",\"dateModified\":\"2024-04-17T15:04:27+00:00\",\"description\":\"R\u00e9servez votre location de vacances au camping Les Bois Flott\u00e9s et d\u00e9couvrez tous nos services : piscine, restaurant, Wi-Fi, boutique, animations...\",\"breadcrumb\":{\"@id\":\"https:\/\/www.camping-les-bois-flottes.fr\/de\/der-campingplatz\/unsere-dienstleistungen\/fahrad-verleih\/#breadcrumb\"},\"inLanguage\":\"de\",\"potentialAction\":[{\"@type\":\"ReadAction\",\"target\":[\"https:\/\/www.camping-les-bois-flottes.fr\/de\/der-campingplatz\/unsere-dienstleistungen\/fahrad-verleih\/\"]}]},{\"@type\":\"ImageObject\",\"inLanguage\":\"de\",\"@id\":\"https:\/\/www.camping-les-bois-flottes.fr\/de\/der-campingplatz\/unsere-dienstleistungen\/fahrad-verleih\/#primaryimage\",\"url\":\"https:\/\/www.camping-les-bois-flottes.fr\/wp-content\/uploads\/location-velos-top.jpg\",\"contentUrl\":\"https:\/\/www.camping-les-bois-flottes.fr\/wp-content\/uploads\/location-velos-top.jpg\"},{\"@type\":\"BreadcrumbList\",\"@id\":\"https:\/\/www.camping-les-bois-flottes.fr\/de\/der-campingplatz\/unsere-dienstleistungen\/fahrad-verleih\/#breadcrumb\",\"itemListElement\":[{\"@type\":\"ListItem\",\"position\":1,\"name\":\"Startseite\",\"item\":\"https:\/\/www.camping-les-bois-flottes.fr\/de\/\"},{\"@type\":\"ListItem\",\"position\":2,\"name\":\"Der Campingplatz\",\"item\":\"https:\/\/www.camping-les-bois-flottes.fr\/de\/der-campingplatz\/\"},{\"@type\":\"ListItem\",\"position\":3,\"name\":\"Unsere Dienstleistungen\",\"item\":\"https:\/\/www.camping-les-bois-flottes.fr\/de\/der-campingplatz\/unsere-dienstleistungen\/\"},{\"@type\":\"ListItem\",\"position\":4,\"name\":\"Fahrad verleih\"}]},{\"@type\":\"WebSite\",\"@id\":\"https:\/\/www.camping-les-bois-flottes.fr\/de\/#website\",\"url\":\"https:\/\/www.camping-les-bois-flottes.fr\/de\/\",\"name\":\"Camping Les Bois Flott\u00e9s\",\"description\":\"\",\"publisher\":{\"@id\":\"https:\/\/www.camping-les-bois-flottes.fr\/de\/#organization\"},\"potentialAction\":[{\"@type\":\"SearchAction\",\"target\":{\"@type\":\"EntryPoint\",\"urlTemplate\":\"https:\/\/www.camping-les-bois-flottes.fr\/de\/?s={search_term_string}\"},\"query-input\":{\"@type\":\"PropertyValueSpecification\",\"valueRequired\":true,\"valueName\":\"search_term_string\"}}],\"inLanguage\":\"de\"},{\"@type\":\"Organization\",\"@id\":\"https:\/\/www.camping-les-bois-flottes.fr\/de\/#organization\",\"name\":\"Camping Les Bois Flott\u00e9s\",\"url\":\"https:\/\/www.camping-les-bois-flottes.fr\/de\/\",\"logo\":{\"@type\":\"ImageObject\",\"inLanguage\":\"de\",\"@id\":\"https:\/\/www.camping-les-bois-flottes.fr\/de\/#\/schema\/logo\/image\/\",\"url\":\"https:\/\/www.camping-les-bois-flottes.fr\/wp-content\/uploads\/logo-boisflottes-region-sud.png\",\"contentUrl\":\"https:\/\/www.camping-les-bois-flottes.fr\/wp-content\/uploads\/logo-boisflottes-region-sud.png\",\"width\":2394,\"height\":706,\"caption\":\"Camping Les Bois Flott\u00e9s\"},\"image\":{\"@id\":\"https:\/\/www.camping-les-bois-flottes.fr\/de\/#\/schema\/logo\/image\/\"}}]}<\/script>\n<!-- \/ Yoast SEO plugin. -->","yoast_head_json":{"title":"Camping Les Bois Flott\u00e9s de Camargue - services et confort","description":"R\u00e9servez votre location de vacances au camping Les Bois Flott\u00e9s et d\u00e9couvrez tous nos services : piscine, restaurant, Wi-Fi, boutique, animations...","robots":{"index":"index","follow":"follow","max-snippet":"max-snippet:-1","max-image-preview":"max-image-preview:large","max-video-preview":"max-video-preview:-1"},"canonical":"https:\/\/www.camping-les-bois-flottes.fr\/de\/der-campingplatz\/unsere-dienstleistungen\/fahrad-verleih\/","og_locale":"de_DE","og_type":"article","og_title":"Camping Les Bois Flott\u00e9s de Camargue - services et confort","og_description":"R\u00e9servez votre location de vacances au camping Les Bois Flott\u00e9s et d\u00e9couvrez tous nos services : piscine, restaurant, Wi-Fi, boutique, animations...","og_url":"https:\/\/www.camping-les-bois-flottes.fr\/de\/der-campingplatz\/unsere-dienstleistungen\/fahrad-verleih\/","og_site_name":"Camping Les Bois Flott\u00e9s","article_modified_time":"2024-04-17T15:04:27+00:00","og_image":[{"url":"https:\/\/www.camping-les-bois-flottes.fr\/wp-content\/uploads\/location-velos-top.jpg","type":"","width":"","height":""}],"twitter_card":"summary_large_image","twitter_misc":{"Gesch\u00e4tzte Lesezeit":"2\u00a0Minuten"},"schema":{"@context":"https:\/\/schema.org","@graph":[{"@type":"WebPage","@id":"https:\/\/www.camping-les-bois-flottes.fr\/de\/der-campingplatz\/unsere-dienstleistungen\/fahrad-verleih\/","url":"https:\/\/www.camping-les-bois-flottes.fr\/de\/der-campingplatz\/unsere-dienstleistungen\/fahrad-verleih\/","name":"Camping Les Bois Flott\u00e9s de Camargue - services et confort","isPartOf":{"@id":"https:\/\/www.camping-les-bois-flottes.fr\/de\/#website"},"primaryImageOfPage":{"@id":"https:\/\/www.camping-les-bois-flottes.fr\/de\/der-campingplatz\/unsere-dienstleistungen\/fahrad-verleih\/#primaryimage"},"image":{"@id":"https:\/\/www.camping-les-bois-flottes.fr\/de\/der-campingplatz\/unsere-dienstleistungen\/fahrad-verleih\/#primaryimage"},"thumbnailUrl":"https:\/\/www.camping-les-bois-flottes.fr\/wp-content\/uploads\/location-velos-top.jpg","datePublished":"2024-04-17T14:36:03+00:00","dateModified":"2024-04-17T15:04:27+00:00","description":"R\u00e9servez votre location de vacances au camping Les Bois Flott\u00e9s et d\u00e9couvrez tous nos services : piscine, restaurant, Wi-Fi, boutique, animations...","breadcrumb":{"@id":"https:\/\/www.camping-les-bois-flottes.fr\/de\/der-campingplatz\/unsere-dienstleistungen\/fahrad-verleih\/#breadcrumb"},"inLanguage":"de","potentialAction":[{"@type":"ReadAction","target":["https:\/\/www.camping-les-bois-flottes.fr\/de\/der-campingplatz\/unsere-dienstleistungen\/fahrad-verleih\/"]}]},{"@type":"ImageObject","inLanguage":"de","@id":"https:\/\/www.camping-les-bois-flottes.fr\/de\/der-campingplatz\/unsere-dienstleistungen\/fahrad-verleih\/#primaryimage","url":"https:\/\/www.camping-les-bois-flottes.fr\/wp-content\/uploads\/location-velos-top.jpg","contentUrl":"https:\/\/www.camping-les-bois-flottes.fr\/wp-content\/uploads\/location-velos-top.jpg"},{"@type":"BreadcrumbList","@id":"https:\/\/www.camping-les-bois-flottes.fr\/de\/der-campingplatz\/unsere-dienstleistungen\/fahrad-verleih\/#breadcrumb","itemListElement":[{"@type":"ListItem","position":1,"name":"Startseite","item":"https:\/\/www.camping-les-bois-flottes.fr\/de\/"},{"@type":"ListItem","position":2,"name":"Der Campingplatz","item":"https:\/\/www.camping-les-bois-flottes.fr\/de\/der-campingplatz\/"},{"@type":"ListItem","position":3,"name":"Unsere Dienstleistungen","item":"https:\/\/www.camping-les-bois-flottes.fr\/de\/der-campingplatz\/unsere-dienstleistungen\/"},{"@type":"ListItem","position":4,"name":"Fahrad verleih"}]},{"@type":"WebSite","@id":"https:\/\/www.camping-les-bois-flottes.fr\/de\/#website","url":"https:\/\/www.camping-les-bois-flottes.fr\/de\/","name":"Camping Les Bois Flott\u00e9s","description":"","publisher":{"@id":"https:\/\/www.camping-les-bois-flottes.fr\/de\/#organization"},"potentialAction":[{"@type":"SearchAction","target":{"@type":"EntryPoint","urlTemplate":"https:\/\/www.camping-les-bois-flottes.fr\/de\/?s={search_term_string}"},"query-input":{"@type":"PropertyValueSpecification","valueRequired":true,"valueName":"search_term_string"}}],"inLanguage":"de"},{"@type":"Organization","@id":"https:\/\/www.camping-les-bois-flottes.fr\/de\/#organization","name":"Camping Les Bois Flott\u00e9s","url":"https:\/\/www.camping-les-bois-flottes.fr\/de\/","logo":{"@type":"ImageObject","inLanguage":"de","@id":"https:\/\/www.camping-les-bois-flottes.fr\/de\/#\/schema\/logo\/image\/","url":"https:\/\/www.camping-les-bois-flottes.fr\/wp-content\/uploads\/logo-boisflottes-region-sud.png","contentUrl":"https:\/\/www.camping-les-bois-flottes.fr\/wp-content\/uploads\/logo-boisflottes-region-sud.png","width":2394,"height":706,"caption":"Camping Les Bois Flott\u00e9s"},"image":{"@id":"https:\/\/www.camping-les-bois-flottes.fr\/de\/#\/schema\/logo\/image\/"}}]}},"_links":{"self":[{"href":"https:\/\/www.camping-les-bois-flottes.fr\/de\/wp-json\/wp\/v2\/pages\/9166","targetHints":{"allow":["GET"]}}],"collection":[{"href":"https:\/\/www.camping-les-bois-flottes.fr\/de\/wp-json\/wp\/v2\/pages"}],"about":[{"href":"https:\/\/www.camping-les-bois-flottes.fr\/de\/wp-json\/wp\/v2\/types\/page"}],"author":[{"embeddable":true,"href":"https:\/\/www.camping-les-bois-flottes.fr\/de\/wp-json\/wp\/v2\/users\/5"}],"replies":[{"embeddable":true,"href":"https:\/\/www.camping-les-bois-flottes.fr\/de\/wp-json\/wp\/v2\/comments?post=9166"}],"version-history":[{"count":2,"href":"https:\/\/www.camping-les-bois-flottes.fr\/de\/wp-json\/wp\/v2\/pages\/9166\/revisions"}],"predecessor-version":[{"id":9178,"href":"https:\/\/www.camping-les-bois-flottes.fr\/de\/wp-json\/wp\/v2\/pages\/9166\/revisions\/9178"}],"up":[{"embeddable":true,"href":"https:\/\/www.camping-les-bois-flottes.fr\/de\/wp-json\/wp\/v2\/pages\/8101"}],"wp:attachment":[{"href":"https:\/\/www.camping-les-bois-flottes.fr\/de\/wp-json\/wp\/v2\/media?parent=9166"}],"curies":[{"name":"wp","href":"https:\/\/api.w.org\/{rel}","templated":true}]}}