{"id":9803,"date":"2025-06-30T10:31:32","date_gmt":"2025-06-30T08:31:32","guid":{"rendered":"https:\/\/www.camping-les-bois-flottes.fr\/?page_id=9803"},"modified":"2025-07-07T10:01:29","modified_gmt":"2025-07-07T08:01:29","slug":"unsere-angebote-und-pakete","status":"publish","type":"page","link":"https:\/\/www.camping-les-bois-flottes.fr\/de\/der-campingplatz\/unsere-dienstleistungen\/unsere-angebote-und-pakete\/","title":{"rendered":"Unsere Angebote und Pakete"},"content":{"rendered":"\n<div class=\"wp-block-group alignfull p-40 is-layout-constrained wp-block-group-is-layout-constrained\">\n<div class=\"wp-block-cover alignfull\" style=\"margin-top:0px;margin-bottom:0px;min-height:70vh;aspect-ratio:unset;\"><img decoding=\"async\" width=\"1620\" height=\"1080\" class=\"wp-block-cover__image-background wp-image-9128 size-full lazyload\" alt=\"\" data-src=\"https:\/\/www.camping-les-bois-flottes.fr\/wp-content\/uploads\/d0b05190-e7e3-448d-b254-b11cb8210590.png\" style=\"--smush-placeholder-width: 1620px; --smush-placeholder-aspect-ratio: 1620\/1080;object-position:52% 28%\" data-object-fit=\"cover\" data-object-position=\"52% 28%\" data-srcset=\"https:\/\/www.camping-les-bois-flottes.fr\/wp-content\/uploads\/d0b05190-e7e3-448d-b254-b11cb8210590.png 1620w, https:\/\/www.camping-les-bois-flottes.fr\/wp-content\/uploads\/d0b05190-e7e3-448d-b254-b11cb8210590-1024x683.png 1024w, https:\/\/www.camping-les-bois-flottes.fr\/wp-content\/uploads\/d0b05190-e7e3-448d-b254-b11cb8210590-768x512.png 768w, https:\/\/www.camping-les-bois-flottes.fr\/wp-content\/uploads\/d0b05190-e7e3-448d-b254-b11cb8210590-1536x1024.png 1536w, https:\/\/www.camping-les-bois-flottes.fr\/wp-content\/uploads\/d0b05190-e7e3-448d-b254-b11cb8210590-512x341.png 512w, https:\/\/www.camping-les-bois-flottes.fr\/wp-content\/uploads\/d0b05190-e7e3-448d-b254-b11cb8210590-256x171.png 256w\" data-sizes=\"(max-width: 1620px) 100vw, 1620px\" src=\"data:image\/svg+xml;base64,PHN2ZyB3aWR0aD0iMSIgaGVpZ2h0PSIxIiB4bWxucz0iaHR0cDovL3d3dy53My5vcmcvMjAwMC9zdmciPjwvc3ZnPg==\" \/><span aria-hidden=\"true\" class=\"wp-block-cover__background has-background-dim wp-block-cover__gradient-background has-background-gradient\" style=\"background-color:#6d6c6e;background:linear-gradient(180deg,rgba(0,0,0,0.74) 0%,rgba(0,0,0,0.02) 24%)\"><\/span><div class=\"wp-block-cover__inner-container is-layout-flow wp-block-cover-is-layout-flow\">\n<p class=\"has-text-align-center titre-banner animation--init--once animation--top has-garamond-font-family has-h-2-font-size\" style=\"font-style:normal;font-weight:700;text-transform:uppercase\"><\/p>\n<\/div><\/div>\n<\/div>\n\n\n\n<div class=\"wp-block-group motor-margin is-layout-constrained wp-block-group-is-layout-constrained\">\n<div class=\"wp-block-group motor-thelis is-layout-constrained wp-block-group-is-layout-constrained\">\n<section class=\"formulaire-de-recherche-bar\">\r\n            <div id=\"expand-thelis-formulaire\">[:fr]R\u00e9servez[:][:es]Reservar[:][:en]Book[:]<\/div>\r\n            <div class=\"container-form\"><thr-search-engine set-day-of-week=\"saturday\"><\/thr-search-engine><a id=\"pay-btn-2\" onclick=\"window.open('https:\/\/thelisresa.webcamp.fr\/cart-directPayment.php?camping=flotte13&amp;lang=de');\"><i><\/i>Ihren Aufenthalt<\/a>\r\n            <style>\r\n            \r\n            .thr-search-engine .thr-search-engine-main > .thr-btn-search { max-width: 20% !important; }\r\n            .thr .btn i { margin-right: 0 !important; }\r\n            #pay-btn-2 { \r\n                position: absolute;\r\n                right: 0;top: 0;\r\n                margin: 10px;\r\n                border: 0;\r\n                background-color: ;\r\n                color: ;\r\n                cursor: pointer;\r\n                width: calc(17% - 5px);\r\n                padding: 17px 0;\r\n                font-size: 18px;\r\n                font-weight: bold;\r\n                text-transform: auto;\r\n                transition: all .35s;\r\n                display: flex;justify-content: center;\r\n                align-items: center;\r\n            }\r\n            #pay-btn-2 i {\r\n                display: inline-flex;\r\n                width:18px;height:18px;\r\n                margin-right: 5px;\r\n                background-image: url('data:image\/svg+xml;utf8,<?xml version=\"1.0\" encoding=\"utf-8\"?><svg width=\"1792\" height=\"1792\" viewBox=\"0 0 1792 1792\" xmlns=\"http:\/\/www.w3.org\/2000\/svg\"><path d=\"M704 1536q0 52-38 90t-90 38-90-38-38-90 38-90 90-38 90 38 38 90zm896 0q0 52-38 90t-90 38-90-38-38-90 38-90 90-38 90 38 38 90zm128-1088v512q0 24-16.5 42.5t-40.5 21.5l-1044 122q13 60 13 70 0 16-24 64h920q26 0 45 19t19 45-19 45-45 19h-1024q-26 0-45-19t-19-45q0-11 8-31.5t16-36 21.5-40 15.5-29.5l-177-823h-204q-26 0-45-19t-19-45 19-45 45-19h256q16 0 28.5 6.5t19.5 15.5 13 24.5 8 26 5.5 29.5 4.5 26h1201q26 0 45 19t19 45z\" fill=\"rgba(255,255,255,1)\" \/><\/svg>');\r\n                background-size: cover;background-position: center center;background-repeat: no-repeat;\r\n            }\r\n            #pay-btn-2:hover { background-color: ; }\r\n            .thr-search-engine { width: 83%; }\r\n\r\n            @media screen and (max-width: 1024px) {\r\n                #pay-btn-2 { top: 52px; }\r\n                .thr-search-engine .thr-search-engine-main > .thr-btn-search { max-width: inherit !important; }\r\n            }\r\n            @media screen and (max-width: 990px) {\r\n                .thr-search-engine { width: 100%; }\r\n                #pay-btn-2 { position: relative;width: calc(100% - 20px);top: auto;margin-top: 0; }\r\n            }\r\n\r\n            thr-search-engine { border-right: 200px rgba(0,0,0,0) solid;display: block; }\r\n            @media screen and (max-width: 1024px) {\r\n                thr-search-engine { border-right: inherit;display: inherit; }\r\n            }\r\n            <\/style>\r\n            <\/div><\/section><!-- .formulaire-de-recherche-bar --><style>\r\n        #expand-thelis-formulaire { display: none; }\r\n        @media screen and (max-width: 1024px) {\r\n            #expand-thelis-formulaire { display: block; }\r\n            .formulaire-de-recherche-bar .container-form { display: none; }\r\n        }\r\n    <\/style><script>\r\n    jQuery(document).ready(function($){\r\n        jQuery('#expand-thelis-formulaire').click(function(){\r\n            if(\r\n                jQuery('.formulaire-de-recherche-bar .container-form').css('display') == 'none'\r\n            ){\r\n                jQuery('.formulaire-de-recherche-bar .container-form').css('display', 'block');\r\n                jQuery('#expand-thelis-formulaire').addClass('expanded');\r\n            }else{\r\n                jQuery('.formulaire-de-recherche-bar .container-form').css('display', 'none');\r\n                jQuery('#expand-thelis-formulaire').removeClass('expanded');\r\n            }\r\n        });\r\n    });\r\n    <\/script>\n<\/div>\n\n\n<div class=\"yoast-breadcrumbs\"><span><span><a href=\"https:\/\/www.camping-les-bois-flottes.fr\/de\/\">Startseite<\/a><\/span> <i class=\"fa-solid fa-angle-right\"><\/i> <span><a href=\"https:\/\/www.camping-les-bois-flottes.fr\/de\/der-campingplatz\/\">Der Campingplatz<\/a><\/span> <i class=\"fa-solid fa-angle-right\"><\/i> <span><a href=\"https:\/\/www.camping-les-bois-flottes.fr\/de\/der-campingplatz\/unsere-dienstleistungen\/\">Unsere Dienstleistungen<\/a><\/span> <i class=\"fa-solid fa-angle-right\"><\/i> <span class=\"breadcrumb_last\" aria-current=\"page\"><strong>Unsere Angebote und Pakete<\/strong><\/span><\/span><\/div><\/div>\n\n\n\n<div class=\"wp-block-group alignfull over-y-vi is-layout-constrained wp-block-group-is-layout-constrained\" style=\"margin-top:50px;margin-bottom:50px\">\n<div class=\"wp-block-group animation--init--once animation--top is-layout-constrained wp-block-group-is-layout-constrained\">\n<h1 class=\"wp-block-heading has-text-align-center\">Unsere Angebote und Pakete<\/h1>\n\n\n\n<p class=\"has-text-align-center\"><br><mark style=\"background-color:rgba(0, 0, 0, 0)\" class=\"has-inline-color has-theme-bleu-color\"><sup>Les Bois Flott\u00e9s<\/sup><\/mark><\/p>\n\n\n\n<p>Erleben Sie unvergessliche Momente auf dem Campingplatz Les Bois Flott\u00e9s! Genie\u00dfen Sie unsere Ap\u00e9ro-Pakete f\u00fcr gesellige Augenblicke mit Familie, Freunden oder zu zweit. Profitieren Sie au\u00dferdem von Rabatten auf den Fahrradverleih und entdecken Sie die Rh\u00f4ne-M\u00fcndung bei unseren Bootstouren.<\/p>\n<\/div>\n<\/div>\n\n\n\n<div class=\"wp-block-columns alignfull animation--init--once animation--top is-layout-flex wp-container-core-columns-is-layout-3b693de2 wp-block-columns-is-layout-flex\">\n<div class=\"wp-block-column grid-locations-accueil is-layout-flow wp-block-column-is-layout-flow\">\n<div class=\"wp-block-cover is-light\" style=\"min-height:500px;aspect-ratio:unset;\"><video class=\"wp-block-cover__video-background intrinsic-ignore\" autoplay muted loop playsinline src=\"https:\/\/www.camping-les-bois-flottes.fr\/wp-content\/uploads\/img-1067-2.mov\" style=\"object-position:59% 71%\" data-object-fit=\"cover\" data-object-position=\"59% 71%\"><\/video><span aria-hidden=\"true\" class=\"wp-block-cover__background has-theme-white-background-color has-background-dim-20 has-background-dim\"><\/span><div class=\"wp-block-cover__inner-container is-layout-flow wp-block-cover-is-layout-flow\">\n<h3 class=\"wp-block-heading has-text-align-left has-large-font-size\" id=\"3-nos-locations-mobil-homes\"><mark style=\"background-color:rgba(0, 0, 0, 0)\" class=\"has-inline-color has-theme-bleu-color\"><sub>Unsere Angebote und Pakete<\/sub><br><\/mark><mark style=\"background-color:rgba(0, 0, 0, 0)\" class=\"has-inline-color has-theme-black-color\">Camargue-Ap\u00e9ro-Paket<\/mark><\/h3>\n\n\n\n<div class=\"wp-block-group is-layout-constrained wp-block-group-is-layout-constrained\">\n<p><mark style=\"background-color:rgba(0, 0, 0, 0)\" class=\"has-inline-color has-theme-black-color\">Ab 22\u202f\u20ac.<br>Nur mit Ihrem Aufenthalt buchbar.<\/mark><\/p>\n\n\n\n<div class=\"wp-block-buttons is-layout-flex wp-block-buttons-is-layout-flex\">\n<div class=\"wp-block-button\"><a class=\"wp-block-button__link wp-element-button\" href=\"https:\/\/www.camping-les-bois-flottes.fr\/de\/mietunterkuenfte\/mobil-homes\/\">Jetzt buchen<\/a><\/div>\n<\/div>\n<\/div>\n<\/div><\/div>\n<\/div>\n\n\n\n<div class=\"wp-block-column grid-locations-accueil is-layout-flow wp-block-column-is-layout-flow\">\n<div class=\"wp-block-cover is-light\" style=\"min-height:500px;aspect-ratio:unset;\"><video class=\"wp-block-cover__video-background intrinsic-ignore\" autoplay muted loop playsinline src=\"https:\/\/www.camping-les-bois-flottes.fr\/wp-content\/uploads\/img-4637.mp4\" style=\"object-position:62% 57%\" data-object-fit=\"cover\" data-object-position=\"62% 57%\"><\/video><span aria-hidden=\"true\" class=\"wp-block-cover__background has-theme-white-background-color has-background-dim-20 has-background-dim\"><\/span><div class=\"wp-block-cover__inner-container is-layout-flow wp-block-cover-is-layout-flow\">\n<h3 class=\"wp-block-heading has-text-align-left has-large-font-size\" id=\"3-nos-locations-mobil-homes\"><mark style=\"background-color:rgba(0, 0, 0, 0)\" class=\"has-inline-color has-theme-bleu-color\"><mark style=\"background-color:rgba(0, 0, 0, 0)\" class=\"has-inline-color has-theme-bleu-color\"><sub>Unsere Angebote und Pakete<\/sub><br><\/mark><\/mark>4\u202f\u20ac Rabatt auf Fahrradverleih<\/h3>\n\n\n\n<div class=\"wp-block-group is-layout-constrained wp-block-group-is-layout-constrained\">\n<p>Buchen Sie Ihr Mobilhome und erhalten Sie 4\u202f\u20ac Rabatt auf den Fahrradverleih!<br>Rufen Sie uns an, um den Promo-Code zu erhalten, und wenden Sie sich dann an den Fahrradverleih, um ihn bei der Buchung zu nutzen.<br>Angebot g\u00fcltig f\u00fcr alle ganzt\u00e4gigen Fahrradverleih-Buchungen, pro Person.<\/p>\n\n\n\n<div class=\"wp-block-buttons is-layout-flex wp-block-buttons-is-layout-flex\">\n<div class=\"wp-block-button\"><a class=\"wp-block-button__link wp-element-button\" href=\"https:\/\/www.camping-les-bois-flottes.fr\/wp-content\/uploads\/qr-code-velo.png\" target=\"_blank\" rel=\"noreferrer noopener\" class=\"image-link\">Jetzt buchen<\/a><\/div>\n<\/div>\n<\/div>\n<\/div><\/div>\n<\/div>\n\n\n\n<div class=\"wp-block-column grid-locations-accueil is-layout-flow wp-block-column-is-layout-flow\">\n<div class=\"wp-block-cover is-light\" style=\"min-height:500px;aspect-ratio:unset;\"><video class=\"wp-block-cover__video-background intrinsic-ignore\" autoplay muted loop playsinline src=\"https:\/\/www.camping-les-bois-flottes.fr\/wp-content\/uploads\/img-4446-2.mov\" data-object-fit=\"cover\"><\/video><span aria-hidden=\"true\" class=\"wp-block-cover__background has-theme-white-background-color has-background-dim-20 has-background-dim\"><\/span><div class=\"wp-block-cover__inner-container is-layout-flow wp-block-cover-is-layout-flow\">\n<h3 class=\"wp-block-heading has-text-align-left has-theme-white-color has-text-color has-large-font-size\" id=\"5-nos-locations-mobil-homes-vue-salins\"><mark style=\"background-color:rgba(0, 0, 0, 0)\" class=\"has-inline-color has-theme-bleu-color\"><mark style=\"background-color:rgba(0, 0, 0, 0)\" class=\"has-inline-color has-theme-bleu-color\"><sub>Unsere Angebote und Pakete<\/sub><br><\/mark><\/mark><mark style=\"background-color:rgba(0, 0, 0, 0)\" class=\"has-inline-color has-theme-black-color\">Bootstour<\/mark><\/h3>\n\n\n\n<div class=\"wp-block-group is-layout-constrained wp-block-group-is-layout-constrained\">\n<p class=\"has-theme-white-color has-text-color\"><mark style=\"background-color:rgba(0, 0, 0, 0)\" class=\"has-inline-color has-theme-black-color\">Telefonisch buchbar, zusammen mit Ihrer Mobilheim-Reservierung.<br>Ab 45\u202f\u20ac.<\/mark><\/p>\n\n\n\n<div class=\"wp-block-buttons is-layout-flex wp-block-buttons-is-layout-flex\">\n<div class=\"wp-block-button\"><a class=\"wp-block-button__link wp-element-button\" href=\"https:\/\/www.camping-les-bois-flottes.fr\/de\/mietunterkuenfte\/mobil-homes\/\">Jetzt buchen<\/a><\/div>\n<\/div>\n<\/div>\n<\/div><\/div>\n<\/div>\n<\/div>\n\n\n\n<p><\/p>\n","protected":false},"excerpt":{"rendered":"<p>Unsere Angebote und Pakete Les Bois Flott\u00e9s Erleben Sie unvergessliche Momente auf dem Campingplatz Les Bois Flott\u00e9s! Genie\u00dfen Sie unsere Ap\u00e9ro-Pakete f\u00fcr gesellige Augenblicke mit Familie, Freunden oder zu zweit. Profitieren Sie au\u00dferdem von Rabatten auf den Fahrradverleih und entdecken Sie die Rh\u00f4ne-M\u00fcndung bei unseren Bootstouren.<\/p>\n","protected":false},"author":5,"featured_media":0,"parent":8101,"menu_order":3,"comment_status":"closed","ping_status":"closed","template":"","meta":{"_acf_changed":false,"inline_featured_image":false,"ub_ctt_via":"","footnotes":""},"class_list":["post-9803","page","type-page","status-publish","hentry"],"acf":[],"featured_image_src":null,"yoast_head":"<!-- This site is optimized with the Yoast SEO plugin v24.0 - https:\/\/yoast.com\/wordpress\/plugins\/seo\/ -->\n<title>Camping Les Bois Flott\u00e9s de Camargue - Pferdepark<\/title>\n<meta name=\"description\" content=\"Der Komfort Ihrer Pferde ist unsere Priorit\u00e4t auf dem Campingplatz Les Bois Flott\u00e9s. Kommen Sie und genie\u00dfen Sie unseren Pferdepark in der Camargue.\" \/>\n<meta name=\"robots\" content=\"index, follow, max-snippet:-1, max-image-preview:large, max-video-preview:-1\" \/>\n<link rel=\"canonical\" href=\"https:\/\/www.camping-les-bois-flottes.fr\/de\/der-campingplatz\/unsere-dienstleistungen\/unsere-angebote-und-pakete\/\" \/>\n<meta property=\"og:locale\" content=\"de_DE\" \/>\n<meta property=\"og:type\" content=\"article\" \/>\n<meta property=\"og:title\" content=\"Camping Les Bois Flott\u00e9s de Camargue - Pferdepark\" \/>\n<meta property=\"og:description\" content=\"Der Komfort Ihrer Pferde ist unsere Priorit\u00e4t auf dem Campingplatz Les Bois Flott\u00e9s. Kommen Sie und genie\u00dfen Sie unseren Pferdepark in der Camargue.\" \/>\n<meta property=\"og:url\" content=\"https:\/\/www.camping-les-bois-flottes.fr\/de\/der-campingplatz\/unsere-dienstleistungen\/unsere-angebote-und-pakete\/\" \/>\n<meta property=\"og:site_name\" content=\"Camping Les Bois Flott\u00e9s\" \/>\n<meta property=\"article:modified_time\" content=\"2025-07-07T08:01:29+00:00\" \/>\n<meta property=\"og:image\" content=\"https:\/\/www.camping-les-bois-flottes.fr\/wp-content\/uploads\/d0b05190-e7e3-448d-b254-b11cb8210590.png\" \/>\n\t<meta property=\"og:image:width\" content=\"1620\" \/>\n\t<meta property=\"og:image:height\" content=\"1080\" \/>\n\t<meta property=\"og:image:type\" content=\"image\/png\" \/>\n<meta name=\"twitter:card\" content=\"summary_large_image\" \/>\n<meta name=\"twitter:label1\" content=\"Gesch\u00e4tzte Lesezeit\" \/>\n\t<meta name=\"twitter:data1\" content=\"2\u00a0Minuten\" \/>\n<script type=\"application\/ld+json\" class=\"yoast-schema-graph\">{\"@context\":\"https:\/\/schema.org\",\"@graph\":[{\"@type\":\"WebPage\",\"@id\":\"https:\/\/www.camping-les-bois-flottes.fr\/de\/der-campingplatz\/unsere-dienstleistungen\/unsere-angebote-und-pakete\/\",\"url\":\"https:\/\/www.camping-les-bois-flottes.fr\/de\/der-campingplatz\/unsere-dienstleistungen\/unsere-angebote-und-pakete\/\",\"name\":\"Camping Les Bois Flott\u00e9s de Camargue - Pferdepark\",\"isPartOf\":{\"@id\":\"https:\/\/www.camping-les-bois-flottes.fr\/de\/#website\"},\"primaryImageOfPage\":{\"@id\":\"https:\/\/www.camping-les-bois-flottes.fr\/de\/der-campingplatz\/unsere-dienstleistungen\/unsere-angebote-und-pakete\/#primaryimage\"},\"image\":{\"@id\":\"https:\/\/www.camping-les-bois-flottes.fr\/de\/der-campingplatz\/unsere-dienstleistungen\/unsere-angebote-und-pakete\/#primaryimage\"},\"thumbnailUrl\":\"https:\/\/www.camping-les-bois-flottes.fr\/wp-content\/uploads\/d0b05190-e7e3-448d-b254-b11cb8210590.png\",\"datePublished\":\"2025-06-30T08:31:32+00:00\",\"dateModified\":\"2025-07-07T08:01:29+00:00\",\"description\":\"Der Komfort Ihrer Pferde ist unsere Priorit\u00e4t auf dem Campingplatz Les Bois Flott\u00e9s. Kommen Sie und genie\u00dfen Sie unseren Pferdepark in der Camargue.\",\"breadcrumb\":{\"@id\":\"https:\/\/www.camping-les-bois-flottes.fr\/de\/der-campingplatz\/unsere-dienstleistungen\/unsere-angebote-und-pakete\/#breadcrumb\"},\"inLanguage\":\"de\",\"potentialAction\":[{\"@type\":\"ReadAction\",\"target\":[\"https:\/\/www.camping-les-bois-flottes.fr\/de\/der-campingplatz\/unsere-dienstleistungen\/unsere-angebote-und-pakete\/\"]}]},{\"@type\":\"ImageObject\",\"inLanguage\":\"de\",\"@id\":\"https:\/\/www.camping-les-bois-flottes.fr\/de\/der-campingplatz\/unsere-dienstleistungen\/unsere-angebote-und-pakete\/#primaryimage\",\"url\":\"https:\/\/www.camping-les-bois-flottes.fr\/wp-content\/uploads\/d0b05190-e7e3-448d-b254-b11cb8210590.png\",\"contentUrl\":\"https:\/\/www.camping-les-bois-flottes.fr\/wp-content\/uploads\/d0b05190-e7e3-448d-b254-b11cb8210590.png\"},{\"@type\":\"BreadcrumbList\",\"@id\":\"https:\/\/www.camping-les-bois-flottes.fr\/de\/der-campingplatz\/unsere-dienstleistungen\/unsere-angebote-und-pakete\/#breadcrumb\",\"itemListElement\":[{\"@type\":\"ListItem\",\"position\":1,\"name\":\"Startseite\",\"item\":\"https:\/\/www.camping-les-bois-flottes.fr\/de\/\"},{\"@type\":\"ListItem\",\"position\":2,\"name\":\"Der Campingplatz\",\"item\":\"https:\/\/www.camping-les-bois-flottes.fr\/de\/der-campingplatz\/\"},{\"@type\":\"ListItem\",\"position\":3,\"name\":\"Unsere Dienstleistungen\",\"item\":\"https:\/\/www.camping-les-bois-flottes.fr\/de\/der-campingplatz\/unsere-dienstleistungen\/\"},{\"@type\":\"ListItem\",\"position\":4,\"name\":\"Unsere Angebote und Pakete\"}]},{\"@type\":\"WebSite\",\"@id\":\"https:\/\/www.camping-les-bois-flottes.fr\/de\/#website\",\"url\":\"https:\/\/www.camping-les-bois-flottes.fr\/de\/\",\"name\":\"Camping Les Bois Flott\u00e9s\",\"description\":\"\",\"publisher\":{\"@id\":\"https:\/\/www.camping-les-bois-flottes.fr\/de\/#organization\"},\"potentialAction\":[{\"@type\":\"SearchAction\",\"target\":{\"@type\":\"EntryPoint\",\"urlTemplate\":\"https:\/\/www.camping-les-bois-flottes.fr\/de\/?s={search_term_string}\"},\"query-input\":{\"@type\":\"PropertyValueSpecification\",\"valueRequired\":true,\"valueName\":\"search_term_string\"}}],\"inLanguage\":\"de\"},{\"@type\":\"Organization\",\"@id\":\"https:\/\/www.camping-les-bois-flottes.fr\/de\/#organization\",\"name\":\"Camping Les Bois Flott\u00e9s\",\"url\":\"https:\/\/www.camping-les-bois-flottes.fr\/de\/\",\"logo\":{\"@type\":\"ImageObject\",\"inLanguage\":\"de\",\"@id\":\"https:\/\/www.camping-les-bois-flottes.fr\/de\/#\/schema\/logo\/image\/\",\"url\":\"https:\/\/www.camping-les-bois-flottes.fr\/wp-content\/uploads\/logo-boisflottes-region-sud.png\",\"contentUrl\":\"https:\/\/www.camping-les-bois-flottes.fr\/wp-content\/uploads\/logo-boisflottes-region-sud.png\",\"width\":2394,\"height\":706,\"caption\":\"Camping Les Bois Flott\u00e9s\"},\"image\":{\"@id\":\"https:\/\/www.camping-les-bois-flottes.fr\/de\/#\/schema\/logo\/image\/\"}}]}<\/script>\n<!-- \/ Yoast SEO plugin. -->","yoast_head_json":{"title":"Camping Les Bois Flott\u00e9s de Camargue - Pferdepark","description":"Der Komfort Ihrer Pferde ist unsere Priorit\u00e4t auf dem Campingplatz Les Bois Flott\u00e9s. Kommen Sie und genie\u00dfen Sie unseren Pferdepark in der Camargue.","robots":{"index":"index","follow":"follow","max-snippet":"max-snippet:-1","max-image-preview":"max-image-preview:large","max-video-preview":"max-video-preview:-1"},"canonical":"https:\/\/www.camping-les-bois-flottes.fr\/de\/der-campingplatz\/unsere-dienstleistungen\/unsere-angebote-und-pakete\/","og_locale":"de_DE","og_type":"article","og_title":"Camping Les Bois Flott\u00e9s de Camargue - Pferdepark","og_description":"Der Komfort Ihrer Pferde ist unsere Priorit\u00e4t auf dem Campingplatz Les Bois Flott\u00e9s. Kommen Sie und genie\u00dfen Sie unseren Pferdepark in der Camargue.","og_url":"https:\/\/www.camping-les-bois-flottes.fr\/de\/der-campingplatz\/unsere-dienstleistungen\/unsere-angebote-und-pakete\/","og_site_name":"Camping Les Bois Flott\u00e9s","article_modified_time":"2025-07-07T08:01:29+00:00","og_image":[{"url":"https:\/\/www.camping-les-bois-flottes.fr\/wp-content\/uploads\/d0b05190-e7e3-448d-b254-b11cb8210590.png","width":1620,"height":1080,"type":"image\/png"}],"twitter_card":"summary_large_image","twitter_misc":{"Gesch\u00e4tzte Lesezeit":"2\u00a0Minuten"},"schema":{"@context":"https:\/\/schema.org","@graph":[{"@type":"WebPage","@id":"https:\/\/www.camping-les-bois-flottes.fr\/de\/der-campingplatz\/unsere-dienstleistungen\/unsere-angebote-und-pakete\/","url":"https:\/\/www.camping-les-bois-flottes.fr\/de\/der-campingplatz\/unsere-dienstleistungen\/unsere-angebote-und-pakete\/","name":"Camping Les Bois Flott\u00e9s de Camargue - Pferdepark","isPartOf":{"@id":"https:\/\/www.camping-les-bois-flottes.fr\/de\/#website"},"primaryImageOfPage":{"@id":"https:\/\/www.camping-les-bois-flottes.fr\/de\/der-campingplatz\/unsere-dienstleistungen\/unsere-angebote-und-pakete\/#primaryimage"},"image":{"@id":"https:\/\/www.camping-les-bois-flottes.fr\/de\/der-campingplatz\/unsere-dienstleistungen\/unsere-angebote-und-pakete\/#primaryimage"},"thumbnailUrl":"https:\/\/www.camping-les-bois-flottes.fr\/wp-content\/uploads\/d0b05190-e7e3-448d-b254-b11cb8210590.png","datePublished":"2025-06-30T08:31:32+00:00","dateModified":"2025-07-07T08:01:29+00:00","description":"Der Komfort Ihrer Pferde ist unsere Priorit\u00e4t auf dem Campingplatz Les Bois Flott\u00e9s. Kommen Sie und genie\u00dfen Sie unseren Pferdepark in der Camargue.","breadcrumb":{"@id":"https:\/\/www.camping-les-bois-flottes.fr\/de\/der-campingplatz\/unsere-dienstleistungen\/unsere-angebote-und-pakete\/#breadcrumb"},"inLanguage":"de","potentialAction":[{"@type":"ReadAction","target":["https:\/\/www.camping-les-bois-flottes.fr\/de\/der-campingplatz\/unsere-dienstleistungen\/unsere-angebote-und-pakete\/"]}]},{"@type":"ImageObject","inLanguage":"de","@id":"https:\/\/www.camping-les-bois-flottes.fr\/de\/der-campingplatz\/unsere-dienstleistungen\/unsere-angebote-und-pakete\/#primaryimage","url":"https:\/\/www.camping-les-bois-flottes.fr\/wp-content\/uploads\/d0b05190-e7e3-448d-b254-b11cb8210590.png","contentUrl":"https:\/\/www.camping-les-bois-flottes.fr\/wp-content\/uploads\/d0b05190-e7e3-448d-b254-b11cb8210590.png"},{"@type":"BreadcrumbList","@id":"https:\/\/www.camping-les-bois-flottes.fr\/de\/der-campingplatz\/unsere-dienstleistungen\/unsere-angebote-und-pakete\/#breadcrumb","itemListElement":[{"@type":"ListItem","position":1,"name":"Startseite","item":"https:\/\/www.camping-les-bois-flottes.fr\/de\/"},{"@type":"ListItem","position":2,"name":"Der Campingplatz","item":"https:\/\/www.camping-les-bois-flottes.fr\/de\/der-campingplatz\/"},{"@type":"ListItem","position":3,"name":"Unsere Dienstleistungen","item":"https:\/\/www.camping-les-bois-flottes.fr\/de\/der-campingplatz\/unsere-dienstleistungen\/"},{"@type":"ListItem","position":4,"name":"Unsere Angebote und Pakete"}]},{"@type":"WebSite","@id":"https:\/\/www.camping-les-bois-flottes.fr\/de\/#website","url":"https:\/\/www.camping-les-bois-flottes.fr\/de\/","name":"Camping Les Bois Flott\u00e9s","description":"","publisher":{"@id":"https:\/\/www.camping-les-bois-flottes.fr\/de\/#organization"},"potentialAction":[{"@type":"SearchAction","target":{"@type":"EntryPoint","urlTemplate":"https:\/\/www.camping-les-bois-flottes.fr\/de\/?s={search_term_string}"},"query-input":{"@type":"PropertyValueSpecification","valueRequired":true,"valueName":"search_term_string"}}],"inLanguage":"de"},{"@type":"Organization","@id":"https:\/\/www.camping-les-bois-flottes.fr\/de\/#organization","name":"Camping Les Bois Flott\u00e9s","url":"https:\/\/www.camping-les-bois-flottes.fr\/de\/","logo":{"@type":"ImageObject","inLanguage":"de","@id":"https:\/\/www.camping-les-bois-flottes.fr\/de\/#\/schema\/logo\/image\/","url":"https:\/\/www.camping-les-bois-flottes.fr\/wp-content\/uploads\/logo-boisflottes-region-sud.png","contentUrl":"https:\/\/www.camping-les-bois-flottes.fr\/wp-content\/uploads\/logo-boisflottes-region-sud.png","width":2394,"height":706,"caption":"Camping Les Bois Flott\u00e9s"},"image":{"@id":"https:\/\/www.camping-les-bois-flottes.fr\/de\/#\/schema\/logo\/image\/"}}]}},"_links":{"self":[{"href":"https:\/\/www.camping-les-bois-flottes.fr\/de\/wp-json\/wp\/v2\/pages\/9803","targetHints":{"allow":["GET"]}}],"collection":[{"href":"https:\/\/www.camping-les-bois-flottes.fr\/de\/wp-json\/wp\/v2\/pages"}],"about":[{"href":"https:\/\/www.camping-les-bois-flottes.fr\/de\/wp-json\/wp\/v2\/types\/page"}],"author":[{"embeddable":true,"href":"https:\/\/www.camping-les-bois-flottes.fr\/de\/wp-json\/wp\/v2\/users\/5"}],"replies":[{"embeddable":true,"href":"https:\/\/www.camping-les-bois-flottes.fr\/de\/wp-json\/wp\/v2\/comments?post=9803"}],"version-history":[{"count":4,"href":"https:\/\/www.camping-les-bois-flottes.fr\/de\/wp-json\/wp\/v2\/pages\/9803\/revisions"}],"predecessor-version":[{"id":9880,"href":"https:\/\/www.camping-les-bois-flottes.fr\/de\/wp-json\/wp\/v2\/pages\/9803\/revisions\/9880"}],"up":[{"embeddable":true,"href":"https:\/\/www.camping-les-bois-flottes.fr\/de\/wp-json\/wp\/v2\/pages\/8101"}],"wp:attachment":[{"href":"https:\/\/www.camping-les-bois-flottes.fr\/de\/wp-json\/wp\/v2\/media?parent=9803"}],"curies":[{"name":"wp","href":"https:\/\/api.w.org\/{rel}","templated":true}]}}