{"id":9152,"date":"2024-04-17T16:11:58","date_gmt":"2024-04-17T14:11:58","guid":{"rendered":"https:\/\/www.camping-les-bois-flottes.fr\/?page_id=9152"},"modified":"2024-04-19T11:19:53","modified_gmt":"2024-04-19T09:19:53","slug":"horse-riding","status":"publish","type":"page","link":"https:\/\/www.camping-les-bois-flottes.fr\/en\/the-campsite\/our-services\/horse-riding\/","title":{"rendered":"Horse riding"},"content":{"rendered":"\n<div class=\"wp-block-group alignfull p-40 is-layout-constrained wp-block-group-is-layout-constrained\">\n<div class=\"wp-block-cover alignfull\" style=\"margin-top:0px;margin-bottom:0px;min-height:70vh;aspect-ratio:unset;\"><span aria-hidden=\"true\" class=\"wp-block-cover__background has-background-dim wp-block-cover__gradient-background has-background-gradient\" style=\"background-color:#6d6c6e;background:linear-gradient(180deg,rgba(0,0,0,0.74) 0%,rgba(0,0,0,0.02) 24%)\"><\/span><img decoding=\"async\" width=\"1920\" height=\"900\" class=\"wp-block-cover__image-background wp-image-9159 lazyload\" alt=\"\" data-src=\"https:\/\/www.camping-les-bois-flottes.fr\/wp-content\/uploads\/equitation-top.jpg\" style=\"--smush-placeholder-width: 1920px; --smush-placeholder-aspect-ratio: 1920\/900;object-position:0% 30%\" data-object-fit=\"cover\" data-object-position=\"0% 30%\" data-srcset=\"https:\/\/www.camping-les-bois-flottes.fr\/wp-content\/uploads\/equitation-top.jpg 1920w, https:\/\/www.camping-les-bois-flottes.fr\/wp-content\/uploads\/equitation-top-1024x480.jpg 1024w, https:\/\/www.camping-les-bois-flottes.fr\/wp-content\/uploads\/equitation-top-768x360.jpg 768w, https:\/\/www.camping-les-bois-flottes.fr\/wp-content\/uploads\/equitation-top-1536x720.jpg 1536w, https:\/\/www.camping-les-bois-flottes.fr\/wp-content\/uploads\/equitation-top-512x240.jpg 512w, https:\/\/www.camping-les-bois-flottes.fr\/wp-content\/uploads\/equitation-top-256x120.jpg 256w\" data-sizes=\"(max-width: 1920px) 100vw, 1920px\" src=\"data:image\/svg+xml;base64,PHN2ZyB3aWR0aD0iMSIgaGVpZ2h0PSIxIiB4bWxucz0iaHR0cDovL3d3dy53My5vcmcvMjAwMC9zdmciPjwvc3ZnPg==\" \/><div class=\"wp-block-cover__inner-container is-layout-flow wp-block-cover-is-layout-flow\">\n<p class=\"has-text-align-center titre-banner animation--init--once animation--top has-garamond-font-family has-h-2-font-size\" style=\"font-style:normal;font-weight:700;text-transform:uppercase\"><\/p>\n<\/div><\/div>\n<\/div>\n\n\n\n<div class=\"wp-block-group motor-margin is-layout-constrained wp-block-group-is-layout-constrained\">\n<div class=\"wp-block-group motor-thelis is-layout-constrained wp-block-group-is-layout-constrained\">\n<section class=\"formulaire-de-recherche-bar\">\r\n            <div id=\"expand-thelis-formulaire\">Book<\/div>\r\n            <div class=\"container-form\"><thr-search-engine set-day-of-week=\"saturday\"><\/thr-search-engine><a id=\"pay-btn-2\" onclick=\"window.open('https:\/\/thelisresa.webcamp.fr\/cart-directPayment.php?camping=flotte13&amp;lang=en');\"><i><\/i>Pay your stay<\/a>\r\n            <style>\r\n            \r\n            .thr-search-engine .thr-search-engine-main > .thr-btn-search { max-width: 20% !important; }\r\n            .thr .btn i { margin-right: 0 !important; }\r\n            #pay-btn-2 { \r\n                position: absolute;\r\n                right: 0;top: 0;\r\n                margin: 10px;\r\n                border: 0;\r\n                background-color: ;\r\n                color: ;\r\n                cursor: pointer;\r\n                width: calc(17% - 5px);\r\n                padding: 17px 0;\r\n                font-size: 18px;\r\n                font-weight: bold;\r\n                text-transform: auto;\r\n                transition: all .35s;\r\n                display: flex;justify-content: center;\r\n                align-items: center;\r\n            }\r\n            #pay-btn-2 i {\r\n                display: inline-flex;\r\n                width:18px;height:18px;\r\n                margin-right: 5px;\r\n                background-image: url('data:image\/svg+xml;utf8,<?xml version=\"1.0\" encoding=\"utf-8\"?><svg width=\"1792\" height=\"1792\" viewBox=\"0 0 1792 1792\" xmlns=\"http:\/\/www.w3.org\/2000\/svg\"><path d=\"M704 1536q0 52-38 90t-90 38-90-38-38-90 38-90 90-38 90 38 38 90zm896 0q0 52-38 90t-90 38-90-38-38-90 38-90 90-38 90 38 38 90zm128-1088v512q0 24-16.5 42.5t-40.5 21.5l-1044 122q13 60 13 70 0 16-24 64h920q26 0 45 19t19 45-19 45-45 19h-1024q-26 0-45-19t-19-45q0-11 8-31.5t16-36 21.5-40 15.5-29.5l-177-823h-204q-26 0-45-19t-19-45 19-45 45-19h256q16 0 28.5 6.5t19.5 15.5 13 24.5 8 26 5.5 29.5 4.5 26h1201q26 0 45 19t19 45z\" fill=\"rgba(255,255,255,1)\" \/><\/svg>');\r\n                background-size: cover;background-position: center center;background-repeat: no-repeat;\r\n            }\r\n            #pay-btn-2:hover { background-color: ; }\r\n            .thr-search-engine { width: 83%; }\r\n\r\n            @media screen and (max-width: 1024px) {\r\n                #pay-btn-2 { top: 52px; }\r\n                .thr-search-engine .thr-search-engine-main > .thr-btn-search { max-width: inherit !important; }\r\n            }\r\n            @media screen and (max-width: 990px) {\r\n                .thr-search-engine { width: 100%; }\r\n                #pay-btn-2 { position: relative;width: calc(100% - 20px);top: auto;margin-top: 0; }\r\n            }\r\n\r\n            thr-search-engine { border-right: 200px rgba(0,0,0,0) solid;display: block; }\r\n            @media screen and (max-width: 1024px) {\r\n                thr-search-engine { border-right: inherit;display: inherit; }\r\n            }\r\n            <\/style>\r\n            <\/div><\/section><!-- .formulaire-de-recherche-bar --><style>\r\n        #expand-thelis-formulaire { display: none; }\r\n        @media screen and (max-width: 1024px) {\r\n            #expand-thelis-formulaire { display: block; }\r\n            .formulaire-de-recherche-bar .container-form { display: none; }\r\n        }\r\n    <\/style><script>\r\n    jQuery(document).ready(function($){\r\n        jQuery('#expand-thelis-formulaire').click(function(){\r\n            if(\r\n                jQuery('.formulaire-de-recherche-bar .container-form').css('display') == 'none'\r\n            ){\r\n                jQuery('.formulaire-de-recherche-bar .container-form').css('display', 'block');\r\n                jQuery('#expand-thelis-formulaire').addClass('expanded');\r\n            }else{\r\n                jQuery('.formulaire-de-recherche-bar .container-form').css('display', 'none');\r\n                jQuery('#expand-thelis-formulaire').removeClass('expanded');\r\n            }\r\n        });\r\n    });\r\n    <\/script>\n<\/div>\n\n\n<div class=\"yoast-breadcrumbs\"><span><span><a href=\"https:\/\/www.camping-les-bois-flottes.fr\/en\/\">Home<\/a><\/span> <i class=\"fa-solid fa-angle-right\"><\/i> <span><a href=\"https:\/\/www.camping-les-bois-flottes.fr\/en\/the-campsite\/\">The campsite<\/a><\/span> <i class=\"fa-solid fa-angle-right\"><\/i> <span><a href=\"https:\/\/www.camping-les-bois-flottes.fr\/en\/the-campsite\/our-services\/\">Our services<\/a><\/span> <i class=\"fa-solid fa-angle-right\"><\/i> <span class=\"breadcrumb_last\" aria-current=\"page\"><strong>Horse riding<\/strong><\/span><\/span><\/div><\/div>\n\n\n\n<div class=\"wp-block-group alignfull over-y-vi is-layout-constrained wp-block-group-is-layout-constrained\" style=\"margin-top:50px;margin-bottom:50px\">\n<div class=\"wp-block-group animation--init--once animation--top is-layout-constrained wp-block-group-is-layout-constrained\">\n<h1 class=\"wp-block-heading has-text-align-center\">The comfort and well-being of your horses <br>is our priority!<br><mark style=\"background-color:rgba(0, 0, 0, 0)\" class=\"has-inline-color has-theme-bleu-color\"><sup>Les Bois Flott\u00e9s<\/sup><\/mark><\/h1>\n\n\n\n<p>At Les Bois flott\u00e9s campsite, the comfort and well-being of your horses is our priority! Nestling in the heart of the beautiful La Camargue region, our campsite offers exceptional equestrian accommodation for you and your faithful companions.<\/p>\n\n\n\n<p>We&#8217;re proud to offer specially landscaped parks with comfortable shelters where your horses can rest in peace and quiet. With our comprehensive stewarding service, we take care of their feeding, hydration and general welfare, allowing you to enjoy your stay to the full.<\/p>\n\n\n\n<p>Just a 10-minute drive away is the 7-kilometre Pi\u00e9manson beach, where your horses can gallop freely in beautiful surroundings. What&#8217;s more, the vast surrounding land offers miles of trails to explore on horseback, giving you unforgettable moments of adventure.<\/p>\n\n\n\n<p>Whether you&#8217;re on holiday or competing, our dedicated team is here to look after your horses and make your stay as enjoyable as possible. Book your equestrian accommodation at Camping Les Bois flott\u00e9s now and let us offer you an authentic and rewarding experience in the heart of La Camargue.<\/p>\n<\/div>\n<\/div>\n","protected":false},"excerpt":{"rendered":"<p>The comfort and well-being of your horses is our priority!Les Bois Flott\u00e9s At Les Bois flott\u00e9s campsite, the comfort and well-being of your horses is our priority! Nestling in the heart of the beautiful La Camargue region, our campsite offers exceptional equestrian accommodation for you and your faithful companions. We&#8217;re proud to offer specially landscaped [&hellip;]<\/p>\n","protected":false},"author":5,"featured_media":0,"parent":8100,"menu_order":0,"comment_status":"closed","ping_status":"closed","template":"","meta":{"_acf_changed":false,"inline_featured_image":false,"ub_ctt_via":"","footnotes":""},"class_list":["post-9152","page","type-page","status-publish","hentry"],"acf":[],"featured_image_src":null,"yoast_head":"<!-- This site is optimized with the Yoast SEO plugin v24.0 - https:\/\/yoast.com\/wordpress\/plugins\/seo\/ -->\n<title>Camping Les Bois Flott\u00e9s de Camargue - services et confort<\/title>\n<meta name=\"description\" content=\"R\u00e9servez votre location de vacances au camping Les Bois Flott\u00e9s et d\u00e9couvrez tous nos services : piscine, restaurant, Wi-Fi, boutique, animations...\" \/>\n<meta name=\"robots\" content=\"index, follow, max-snippet:-1, max-image-preview:large, max-video-preview:-1\" \/>\n<link rel=\"canonical\" href=\"https:\/\/www.camping-les-bois-flottes.fr\/en\/the-campsite\/our-services\/horse-riding\/\" \/>\n<meta property=\"og:locale\" content=\"en_US\" \/>\n<meta property=\"og:type\" content=\"article\" \/>\n<meta property=\"og:title\" content=\"Camping Les Bois Flott\u00e9s de Camargue - services et confort\" \/>\n<meta property=\"og:description\" content=\"R\u00e9servez votre location de vacances au camping Les Bois Flott\u00e9s et d\u00e9couvrez tous nos services : piscine, restaurant, Wi-Fi, boutique, animations...\" \/>\n<meta property=\"og:url\" content=\"https:\/\/www.camping-les-bois-flottes.fr\/en\/the-campsite\/our-services\/horse-riding\/\" \/>\n<meta property=\"og:site_name\" content=\"Camping Les Bois Flott\u00e9s\" \/>\n<meta property=\"article:modified_time\" content=\"2024-04-19T09:19:53+00:00\" \/>\n<meta property=\"og:image\" content=\"https:\/\/www.camping-les-bois-flottes.fr\/wp-content\/uploads\/equitation-top.jpg\" \/>\n<meta name=\"twitter:card\" content=\"summary_large_image\" \/>\n<meta name=\"twitter:label1\" content=\"Est. reading time\" \/>\n\t<meta name=\"twitter:data1\" content=\"3 minutes\" \/>\n<script type=\"application\/ld+json\" class=\"yoast-schema-graph\">{\"@context\":\"https:\/\/schema.org\",\"@graph\":[{\"@type\":\"WebPage\",\"@id\":\"https:\/\/www.camping-les-bois-flottes.fr\/en\/the-campsite\/our-services\/horse-riding\/\",\"url\":\"https:\/\/www.camping-les-bois-flottes.fr\/en\/the-campsite\/our-services\/horse-riding\/\",\"name\":\"Camping Les Bois Flott\u00e9s de Camargue - services et confort\",\"isPartOf\":{\"@id\":\"https:\/\/www.camping-les-bois-flottes.fr\/en\/#website\"},\"primaryImageOfPage\":{\"@id\":\"https:\/\/www.camping-les-bois-flottes.fr\/en\/the-campsite\/our-services\/horse-riding\/#primaryimage\"},\"image\":{\"@id\":\"https:\/\/www.camping-les-bois-flottes.fr\/en\/the-campsite\/our-services\/horse-riding\/#primaryimage\"},\"thumbnailUrl\":\"https:\/\/www.camping-les-bois-flottes.fr\/wp-content\/uploads\/equitation-top.jpg\",\"datePublished\":\"2024-04-17T14:11:58+00:00\",\"dateModified\":\"2024-04-19T09:19:53+00:00\",\"description\":\"R\u00e9servez votre location de vacances au camping Les Bois Flott\u00e9s et d\u00e9couvrez tous nos services : piscine, restaurant, Wi-Fi, boutique, animations...\",\"breadcrumb\":{\"@id\":\"https:\/\/www.camping-les-bois-flottes.fr\/en\/the-campsite\/our-services\/horse-riding\/#breadcrumb\"},\"inLanguage\":\"en-US\",\"potentialAction\":[{\"@type\":\"ReadAction\",\"target\":[\"https:\/\/www.camping-les-bois-flottes.fr\/en\/the-campsite\/our-services\/horse-riding\/\"]}]},{\"@type\":\"ImageObject\",\"inLanguage\":\"en-US\",\"@id\":\"https:\/\/www.camping-les-bois-flottes.fr\/en\/the-campsite\/our-services\/horse-riding\/#primaryimage\",\"url\":\"https:\/\/www.camping-les-bois-flottes.fr\/wp-content\/uploads\/equitation-top.jpg\",\"contentUrl\":\"https:\/\/www.camping-les-bois-flottes.fr\/wp-content\/uploads\/equitation-top.jpg\"},{\"@type\":\"BreadcrumbList\",\"@id\":\"https:\/\/www.camping-les-bois-flottes.fr\/en\/the-campsite\/our-services\/horse-riding\/#breadcrumb\",\"itemListElement\":[{\"@type\":\"ListItem\",\"position\":1,\"name\":\"Home\",\"item\":\"https:\/\/www.camping-les-bois-flottes.fr\/en\/\"},{\"@type\":\"ListItem\",\"position\":2,\"name\":\"The campsite\",\"item\":\"https:\/\/www.camping-les-bois-flottes.fr\/en\/the-campsite\/\"},{\"@type\":\"ListItem\",\"position\":3,\"name\":\"Our services\",\"item\":\"https:\/\/www.camping-les-bois-flottes.fr\/en\/the-campsite\/our-services\/\"},{\"@type\":\"ListItem\",\"position\":4,\"name\":\"Horse riding\"}]},{\"@type\":\"WebSite\",\"@id\":\"https:\/\/www.camping-les-bois-flottes.fr\/en\/#website\",\"url\":\"https:\/\/www.camping-les-bois-flottes.fr\/en\/\",\"name\":\"Camping Les Bois Flott\u00e9s\",\"description\":\"\",\"publisher\":{\"@id\":\"https:\/\/www.camping-les-bois-flottes.fr\/en\/#organization\"},\"potentialAction\":[{\"@type\":\"SearchAction\",\"target\":{\"@type\":\"EntryPoint\",\"urlTemplate\":\"https:\/\/www.camping-les-bois-flottes.fr\/en\/?s={search_term_string}\"},\"query-input\":{\"@type\":\"PropertyValueSpecification\",\"valueRequired\":true,\"valueName\":\"search_term_string\"}}],\"inLanguage\":\"en-US\"},{\"@type\":\"Organization\",\"@id\":\"https:\/\/www.camping-les-bois-flottes.fr\/en\/#organization\",\"name\":\"Camping Les Bois Flott\u00e9s\",\"url\":\"https:\/\/www.camping-les-bois-flottes.fr\/en\/\",\"logo\":{\"@type\":\"ImageObject\",\"inLanguage\":\"en-US\",\"@id\":\"https:\/\/www.camping-les-bois-flottes.fr\/en\/#\/schema\/logo\/image\/\",\"url\":\"https:\/\/www.camping-les-bois-flottes.fr\/wp-content\/uploads\/logo-boisflottes-region-sud.png\",\"contentUrl\":\"https:\/\/www.camping-les-bois-flottes.fr\/wp-content\/uploads\/logo-boisflottes-region-sud.png\",\"width\":2394,\"height\":706,\"caption\":\"Camping Les Bois Flott\u00e9s\"},\"image\":{\"@id\":\"https:\/\/www.camping-les-bois-flottes.fr\/en\/#\/schema\/logo\/image\/\"}}]}<\/script>\n<!-- \/ Yoast SEO plugin. -->","yoast_head_json":{"title":"Camping Les Bois Flott\u00e9s de Camargue - services et confort","description":"R\u00e9servez votre location de vacances au camping Les Bois Flott\u00e9s et d\u00e9couvrez tous nos services : piscine, restaurant, Wi-Fi, boutique, animations...","robots":{"index":"index","follow":"follow","max-snippet":"max-snippet:-1","max-image-preview":"max-image-preview:large","max-video-preview":"max-video-preview:-1"},"canonical":"https:\/\/www.camping-les-bois-flottes.fr\/en\/the-campsite\/our-services\/horse-riding\/","og_locale":"en_US","og_type":"article","og_title":"Camping Les Bois Flott\u00e9s de Camargue - services et confort","og_description":"R\u00e9servez votre location de vacances au camping Les Bois Flott\u00e9s et d\u00e9couvrez tous nos services : piscine, restaurant, Wi-Fi, boutique, animations...","og_url":"https:\/\/www.camping-les-bois-flottes.fr\/en\/the-campsite\/our-services\/horse-riding\/","og_site_name":"Camping Les Bois Flott\u00e9s","article_modified_time":"2024-04-19T09:19:53+00:00","og_image":[{"url":"https:\/\/www.camping-les-bois-flottes.fr\/wp-content\/uploads\/equitation-top.jpg","type":"","width":"","height":""}],"twitter_card":"summary_large_image","twitter_misc":{"Est. reading time":"3 minutes"},"schema":{"@context":"https:\/\/schema.org","@graph":[{"@type":"WebPage","@id":"https:\/\/www.camping-les-bois-flottes.fr\/en\/the-campsite\/our-services\/horse-riding\/","url":"https:\/\/www.camping-les-bois-flottes.fr\/en\/the-campsite\/our-services\/horse-riding\/","name":"Camping Les Bois Flott\u00e9s de Camargue - services et confort","isPartOf":{"@id":"https:\/\/www.camping-les-bois-flottes.fr\/en\/#website"},"primaryImageOfPage":{"@id":"https:\/\/www.camping-les-bois-flottes.fr\/en\/the-campsite\/our-services\/horse-riding\/#primaryimage"},"image":{"@id":"https:\/\/www.camping-les-bois-flottes.fr\/en\/the-campsite\/our-services\/horse-riding\/#primaryimage"},"thumbnailUrl":"https:\/\/www.camping-les-bois-flottes.fr\/wp-content\/uploads\/equitation-top.jpg","datePublished":"2024-04-17T14:11:58+00:00","dateModified":"2024-04-19T09:19:53+00:00","description":"R\u00e9servez votre location de vacances au camping Les Bois Flott\u00e9s et d\u00e9couvrez tous nos services : piscine, restaurant, Wi-Fi, boutique, animations...","breadcrumb":{"@id":"https:\/\/www.camping-les-bois-flottes.fr\/en\/the-campsite\/our-services\/horse-riding\/#breadcrumb"},"inLanguage":"en-US","potentialAction":[{"@type":"ReadAction","target":["https:\/\/www.camping-les-bois-flottes.fr\/en\/the-campsite\/our-services\/horse-riding\/"]}]},{"@type":"ImageObject","inLanguage":"en-US","@id":"https:\/\/www.camping-les-bois-flottes.fr\/en\/the-campsite\/our-services\/horse-riding\/#primaryimage","url":"https:\/\/www.camping-les-bois-flottes.fr\/wp-content\/uploads\/equitation-top.jpg","contentUrl":"https:\/\/www.camping-les-bois-flottes.fr\/wp-content\/uploads\/equitation-top.jpg"},{"@type":"BreadcrumbList","@id":"https:\/\/www.camping-les-bois-flottes.fr\/en\/the-campsite\/our-services\/horse-riding\/#breadcrumb","itemListElement":[{"@type":"ListItem","position":1,"name":"Home","item":"https:\/\/www.camping-les-bois-flottes.fr\/en\/"},{"@type":"ListItem","position":2,"name":"The campsite","item":"https:\/\/www.camping-les-bois-flottes.fr\/en\/the-campsite\/"},{"@type":"ListItem","position":3,"name":"Our services","item":"https:\/\/www.camping-les-bois-flottes.fr\/en\/the-campsite\/our-services\/"},{"@type":"ListItem","position":4,"name":"Horse riding"}]},{"@type":"WebSite","@id":"https:\/\/www.camping-les-bois-flottes.fr\/en\/#website","url":"https:\/\/www.camping-les-bois-flottes.fr\/en\/","name":"Camping Les Bois Flott\u00e9s","description":"","publisher":{"@id":"https:\/\/www.camping-les-bois-flottes.fr\/en\/#organization"},"potentialAction":[{"@type":"SearchAction","target":{"@type":"EntryPoint","urlTemplate":"https:\/\/www.camping-les-bois-flottes.fr\/en\/?s={search_term_string}"},"query-input":{"@type":"PropertyValueSpecification","valueRequired":true,"valueName":"search_term_string"}}],"inLanguage":"en-US"},{"@type":"Organization","@id":"https:\/\/www.camping-les-bois-flottes.fr\/en\/#organization","name":"Camping Les Bois Flott\u00e9s","url":"https:\/\/www.camping-les-bois-flottes.fr\/en\/","logo":{"@type":"ImageObject","inLanguage":"en-US","@id":"https:\/\/www.camping-les-bois-flottes.fr\/en\/#\/schema\/logo\/image\/","url":"https:\/\/www.camping-les-bois-flottes.fr\/wp-content\/uploads\/logo-boisflottes-region-sud.png","contentUrl":"https:\/\/www.camping-les-bois-flottes.fr\/wp-content\/uploads\/logo-boisflottes-region-sud.png","width":2394,"height":706,"caption":"Camping Les Bois Flott\u00e9s"},"image":{"@id":"https:\/\/www.camping-les-bois-flottes.fr\/en\/#\/schema\/logo\/image\/"}}]}},"_links":{"self":[{"href":"https:\/\/www.camping-les-bois-flottes.fr\/en\/wp-json\/wp\/v2\/pages\/9152","targetHints":{"allow":["GET"]}}],"collection":[{"href":"https:\/\/www.camping-les-bois-flottes.fr\/en\/wp-json\/wp\/v2\/pages"}],"about":[{"href":"https:\/\/www.camping-les-bois-flottes.fr\/en\/wp-json\/wp\/v2\/types\/page"}],"author":[{"embeddable":true,"href":"https:\/\/www.camping-les-bois-flottes.fr\/en\/wp-json\/wp\/v2\/users\/5"}],"replies":[{"embeddable":true,"href":"https:\/\/www.camping-les-bois-flottes.fr\/en\/wp-json\/wp\/v2\/comments?post=9152"}],"version-history":[{"count":4,"href":"https:\/\/www.camping-les-bois-flottes.fr\/en\/wp-json\/wp\/v2\/pages\/9152\/revisions"}],"predecessor-version":[{"id":9204,"href":"https:\/\/www.camping-les-bois-flottes.fr\/en\/wp-json\/wp\/v2\/pages\/9152\/revisions\/9204"}],"up":[{"embeddable":true,"href":"https:\/\/www.camping-les-bois-flottes.fr\/en\/wp-json\/wp\/v2\/pages\/8100"}],"wp:attachment":[{"href":"https:\/\/www.camping-les-bois-flottes.fr\/en\/wp-json\/wp\/v2\/media?parent=9152"}],"curies":[{"name":"wp","href":"https:\/\/api.w.org\/{rel}","templated":true}]}}